{"id":7550,"date":"2025-10-07T20:33:53","date_gmt":"2025-10-07T20:33:53","guid":{"rendered":"https:\/\/airomak.net\/?post_type=product&#038;p=7550"},"modified":"2026-04-17T11:01:05","modified_gmt":"2026-04-17T11:01:05","slug":"arzator-pentru-sudura","status":"publish","type":"product","link":"https:\/\/airomak.net\/en\/product\/arzator-pentru-sudura\/","title":{"rendered":"Arzator WG 950"},"content":{"rendered":"<p>O tor\u021b\u0103 de sudur\u0103 cu gaz care utilizeaz\u0103 gaz MAPP este o unealt\u0103 utilizat\u0103 pentru sudarea, lipirea sau topirea metalelor \u0219i a altor materiale. Func\u021bioneaz\u0103 folosind gaz MAPP combustibil, care const\u0103 din propan, metilacetilen\u0103 \u0219i propadien\u0103.<\/p>\n<p>O tor\u021b\u0103 de sudur\u0103 cu gaz care utilizeaz\u0103 gaz MAPP are de obicei un debit de gaz reglabil \u0219i o supap\u0103 pentru reglarea nivelului fl\u0103c\u0103rii. Poate avea \u0219i duze suplimentare pentru a crea diferite forme \u0219i dimensiuni ale fl\u0103c\u0103rilor, \u00een func\u021bie de sarcin\u0103.<\/p>\n<p>Gazul MAPP este utilizat \u00een tor\u021bele de sudur\u0103 cu gaz deoarece are o temperatur\u0103 de ardere mai mare dec\u00e2t propanul obi\u0219nuit, permi\u021b\u00e2nd o \u00eenc\u0103lzire mai rapid\u0103 a materialelor. Cu toate acestea, este important s\u0103 ne amintim c\u0103 gazul MAPP este mai scump \u0219i mai pu\u021bin disponibil dec\u00e2t alte gaze, cum ar fi propanul, iar utilizarea sa necesit\u0103 respectarea tuturor m\u0103surilor de siguran\u021b\u0103 corespunz\u0103toare.<\/p>","protected":false},"excerpt":{"rendered":"<p><span data-sheets-root=\"1\">Arzator pentru sudura <\/span><\/p>","protected":false},"featured_media":8445,"comment_status":"open","ping_status":"closed","template":"","meta":{"_acf_changed":false,"_themeisle_gutenberg_block_has_review":false,"_joinchat":[]},"product_brand":[],"product_cat":[335],"product_tag":[],"class_list":{"0":"post-7550","1":"product","2":"type-product","3":"status-publish","4":"has-post-thumbnail","6":"product_cat-torte-si-arzatoare-pentru-sudura","8":"first","9":"instock","10":"shipping-taxable","11":"purchasable","12":"product-type-simple"},"acf":[],"jetpack_sharing_enabled":true,"_links":{"self":[{"href":"https:\/\/airomak.net\/en\/wp-json\/wp\/v2\/product\/7550","targetHints":{"allow":["GET"]}}],"collection":[{"href":"https:\/\/airomak.net\/en\/wp-json\/wp\/v2\/product"}],"about":[{"href":"https:\/\/airomak.net\/en\/wp-json\/wp\/v2\/types\/product"}],"replies":[{"embeddable":true,"href":"https:\/\/airomak.net\/en\/wp-json\/wp\/v2\/comments?post=7550"}],"wp:featuredmedia":[{"embeddable":true,"href":"https:\/\/airomak.net\/en\/wp-json\/wp\/v2\/media\/8445"}],"wp:attachment":[{"href":"https:\/\/airomak.net\/en\/wp-json\/wp\/v2\/media?parent=7550"}],"wp:term":[{"taxonomy":"product_brand","embeddable":true,"href":"https:\/\/airomak.net\/en\/wp-json\/wp\/v2\/product_brand?post=7550"},{"taxonomy":"product_cat","embeddable":true,"href":"https:\/\/airomak.net\/en\/wp-json\/wp\/v2\/product_cat?post=7550"},{"taxonomy":"product_tag","embeddable":true,"href":"https:\/\/airomak.net\/en\/wp-json\/wp\/v2\/product_tag?post=7550"}],"curies":[{"name":"wp","href":"https:\/\/api.w.org\/{rel}","templated":true}]}}