{"id":5469,"date":"2025-10-04T21:18:14","date_gmt":"2025-10-04T21:18:14","guid":{"rendered":"https:\/\/airomak.net\/?post_type=product&#038;p=5469"},"modified":"2026-04-28T20:36:07","modified_gmt":"2026-04-28T20:36:07","slug":"pompa-de-vid-15","status":"publish","type":"product","link":"https:\/\/airomak.net\/en\/product\/pompa-de-vid-15\/","title":{"rendered":"Pompa de vid VP 250SG R32"},"content":{"rendered":"<p>Pompa de Vid<\/p>","protected":false},"excerpt":{"rendered":"<p>Pomp\u0103 vacuum profesional\u0103 \u00een dou\u0103 trepte pentru vidarea sistemelor HVAC compatibile cu R32 \u0219i R410A.<\/p>","protected":false},"featured_media":8473,"comment_status":"open","ping_status":"closed","template":"","meta":{"_acf_changed":false,"_themeisle_gutenberg_block_has_review":false,"_joinchat":[]},"product_brand":[],"product_cat":[266],"product_tag":[],"class_list":{"0":"post-5469","1":"product","2":"type-product","3":"status-publish","4":"has-post-thumbnail","6":"product_cat-pompa-de-vid-2","8":"first","9":"instock","10":"shipping-taxable","11":"purchasable","12":"product-type-simple"},"acf":[],"jetpack_sharing_enabled":true,"_links":{"self":[{"href":"https:\/\/airomak.net\/en\/wp-json\/wp\/v2\/product\/5469","targetHints":{"allow":["GET"]}}],"collection":[{"href":"https:\/\/airomak.net\/en\/wp-json\/wp\/v2\/product"}],"about":[{"href":"https:\/\/airomak.net\/en\/wp-json\/wp\/v2\/types\/product"}],"replies":[{"embeddable":true,"href":"https:\/\/airomak.net\/en\/wp-json\/wp\/v2\/comments?post=5469"}],"wp:featuredmedia":[{"embeddable":true,"href":"https:\/\/airomak.net\/en\/wp-json\/wp\/v2\/media\/8473"}],"wp:attachment":[{"href":"https:\/\/airomak.net\/en\/wp-json\/wp\/v2\/media?parent=5469"}],"wp:term":[{"taxonomy":"product_brand","embeddable":true,"href":"https:\/\/airomak.net\/en\/wp-json\/wp\/v2\/product_brand?post=5469"},{"taxonomy":"product_cat","embeddable":true,"href":"https:\/\/airomak.net\/en\/wp-json\/wp\/v2\/product_cat?post=5469"},{"taxonomy":"product_tag","embeddable":true,"href":"https:\/\/airomak.net\/en\/wp-json\/wp\/v2\/product_tag?post=5469"}],"curies":[{"name":"wp","href":"https:\/\/api.w.org\/{rel}","templated":true}]}}