{"id":5449,"date":"2025-10-04T21:18:06","date_gmt":"2025-10-04T21:18:06","guid":{"rendered":"https:\/\/airomak.net\/?post_type=product&#038;p=5449"},"modified":"2026-04-22T07:50:27","modified_gmt":"2026-04-22T07:50:27","slug":"cantar-elecronic-programabil-cu-electrovalva","status":"publish","type":"product","link":"https:\/\/airomak.net\/en\/product\/cantar-elecronic-programabil-cu-electrovalva\/","title":{"rendered":"Cantar digital RCS 320V"},"content":{"rendered":"<p>C\u00e2ntar electronic digital<\/p>","protected":false},"excerpt":{"rendered":"<p>C\u00e2ntar digital profesional pentru m\u0103surarea precis\u0103 a cantit\u0103\u021bii de freon \u00een sisteme HVAC.<\/p>","protected":false},"featured_media":8491,"comment_status":"open","ping_status":"closed","template":"","meta":{"_acf_changed":false,"_joinchat":[]},"product_brand":[],"product_cat":[329],"product_tag":[],"class_list":{"0":"post-5449","1":"product","2":"type-product","3":"status-publish","4":"has-post-thumbnail","6":"product_cat-cantare-diditale","8":"first","9":"instock","10":"shipping-taxable","11":"purchasable","12":"product-type-simple"},"acf":[],"jetpack_sharing_enabled":true,"_links":{"self":[{"href":"https:\/\/airomak.net\/en\/wp-json\/wp\/v2\/product\/5449","targetHints":{"allow":["GET"]}}],"collection":[{"href":"https:\/\/airomak.net\/en\/wp-json\/wp\/v2\/product"}],"about":[{"href":"https:\/\/airomak.net\/en\/wp-json\/wp\/v2\/types\/product"}],"replies":[{"embeddable":true,"href":"https:\/\/airomak.net\/en\/wp-json\/wp\/v2\/comments?post=5449"}],"wp:featuredmedia":[{"embeddable":true,"href":"https:\/\/airomak.net\/en\/wp-json\/wp\/v2\/media\/8491"}],"wp:attachment":[{"href":"https:\/\/airomak.net\/en\/wp-json\/wp\/v2\/media?parent=5449"}],"wp:term":[{"taxonomy":"product_brand","embeddable":true,"href":"https:\/\/airomak.net\/en\/wp-json\/wp\/v2\/product_brand?post=5449"},{"taxonomy":"product_cat","embeddable":true,"href":"https:\/\/airomak.net\/en\/wp-json\/wp\/v2\/product_cat?post=5449"},{"taxonomy":"product_tag","embeddable":true,"href":"https:\/\/airomak.net\/en\/wp-json\/wp\/v2\/product_tag?post=5449"}],"curies":[{"name":"wp","href":"https:\/\/api.w.org\/{rel}","templated":true}]}}