{"id":5447,"date":"2025-10-04T21:18:06","date_gmt":"2025-10-04T21:18:06","guid":{"rendered":"https:\/\/airomak.net\/?post_type=product&#038;p=5447"},"modified":"2026-04-21T19:48:03","modified_gmt":"2026-04-21T19:48:03","slug":"cantar-electronic-digital","status":"publish","type":"product","link":"https:\/\/airomak.net\/en\/product\/cantar-electronic-digital\/","title":{"rendered":"Cantar digital RCS 7040"},"content":{"rendered":"<p>Capacitate: 0-100kg \/ 0-220lb<br \/>\nAfisaj LCD mare (67mm x 23mm) cu 7 cifre<br \/>\nUnitati de masura: Kg \/ Lb \/ Oz<br \/>\nPrecizie: \u00b10.5%<br \/>\nRezolutie: \u00b15g \/ 0.01lb \/ 0.25oz<br \/>\nAlimentare: 9VDC (baterie inclusa)<br \/>\nAutonomie baterie: pana la 30 de ore de utilizare continua<br \/>\nDimensiuni platforma: 22x22cm Include husa de transport Temperaturi de operare: de la 0\u00b0C pana la 45\u00b0C Ideal pentru lucrari profesionale HVAC \/ A\/C, service aer conditionat si intretinere sisteme frigorifice.<\/p>","protected":false},"excerpt":{"rendered":"<p>C\u00e2ntar digital profesional pentru m\u0103surarea precis\u0103 a freonului \u00een sisteme de aer condi\u021bionat \u0219i refrigerare.<\/p>","protected":false},"featured_media":8309,"comment_status":"open","ping_status":"closed","template":"","meta":{"_acf_changed":false,"_joinchat":[]},"product_brand":[],"product_cat":[329],"product_tag":[],"class_list":{"0":"post-5447","1":"product","2":"type-product","3":"status-publish","4":"has-post-thumbnail","6":"product_cat-cantare-diditale","8":"first","9":"instock","10":"sale","11":"shipping-taxable","12":"purchasable","13":"product-type-simple"},"acf":[],"jetpack_sharing_enabled":true,"_links":{"self":[{"href":"https:\/\/airomak.net\/en\/wp-json\/wp\/v2\/product\/5447","targetHints":{"allow":["GET"]}}],"collection":[{"href":"https:\/\/airomak.net\/en\/wp-json\/wp\/v2\/product"}],"about":[{"href":"https:\/\/airomak.net\/en\/wp-json\/wp\/v2\/types\/product"}],"replies":[{"embeddable":true,"href":"https:\/\/airomak.net\/en\/wp-json\/wp\/v2\/comments?post=5447"}],"wp:featuredmedia":[{"embeddable":true,"href":"https:\/\/airomak.net\/en\/wp-json\/wp\/v2\/media\/8309"}],"wp:attachment":[{"href":"https:\/\/airomak.net\/en\/wp-json\/wp\/v2\/media?parent=5447"}],"wp:term":[{"taxonomy":"product_brand","embeddable":true,"href":"https:\/\/airomak.net\/en\/wp-json\/wp\/v2\/product_brand?post=5447"},{"taxonomy":"product_cat","embeddable":true,"href":"https:\/\/airomak.net\/en\/wp-json\/wp\/v2\/product_cat?post=5447"},{"taxonomy":"product_tag","embeddable":true,"href":"https:\/\/airomak.net\/en\/wp-json\/wp\/v2\/product_tag?post=5447"}],"curies":[{"name":"wp","href":"https:\/\/api.w.org\/{rel}","templated":true}]}}