{"id":5446,"date":"2025-10-04T21:18:06","date_gmt":"2025-10-04T21:18:06","guid":{"rendered":"https:\/\/airomak.net\/?post_type=product&#038;p=5446"},"modified":"2026-04-30T16:54:32","modified_gmt":"2026-04-30T16:54:32","slug":"cantar-digital","status":"publish","type":"product","link":"https:\/\/airomak.net\/en\/product\/cantar-digital\/","title":{"rendered":"Cantar digital CS 50N"},"content":{"rendered":"<p>Aitcool CS 50N este un cantar digital de inalta precizie conceput pentru cantarirea agentilor frigorifici in timpul intretinerii si incarcarii sistemelor de aer conditionat si a echipamentelor frigorifice. Cu o constructie robusta, senzori precisi si un afisaj usor de utilizat, aceste cantare sunt alegerea perfecta pentru profesionisti.<br \/>\nPrincipalele avantaje:<br \/>\n\u2022Precizie mare de masurare &#8211; ofera un control precis al realimentarii<br \/>\n\u2022Sarcina maxima de pana la 50 kg, potrivita pentru majoritatea cilindrilor<br \/>\n\u2022Afisaj digital LCD cu lumina de fundal pentru usurinta in operare<br \/>\n\u2022Functia de tara pentru masuratori precise<br \/>\n\u2022Oprire automata pentru a economisi energia bateriei<br \/>\n\u2022Carcasa rezistenta la socuri pentru durabilitate<br \/>\nSpecificatii tehnice:<br \/>\nModel: Aitcool CS 50N<br \/>\nTip: Cantar digital pentru agent frigorific<br \/>\nGreutate maxima: 50 kg<br \/>\nPrecizia masurarii: 0,05%<br \/>\nUnitati de masura: kilograme, lire, uncii<br \/>\nDisplay: LCD cu iluminare de fundal 67x25mm<br \/>\nTemperatura de operare: 10 &#8211; 50 C<br \/>\nAlimentare: baterie 9V<br \/>\nGreutate: 4 kg<br \/>\nDimensiuni platforma: 230x230mm<br \/>\nMaterial: corp metalic rezistent<br \/>\nAitcool CS 50N este instrumentul ideal pentru dozarea precisa a agentilor frigorifici, asigurand o functionare eficienta si sigura.<\/p>","protected":false},"excerpt":{"rendered":"<p>C\u00e2ntar digital profesional pentru m\u0103surarea precis\u0103 a cantit\u0103\u021bii de freon \u00een sisteme HVAC.<\/p>","protected":false},"featured_media":8307,"comment_status":"open","ping_status":"closed","template":"","meta":{"_acf_changed":false,"_joinchat":[]},"product_brand":[],"product_cat":[329],"product_tag":[],"class_list":{"0":"post-5446","1":"product","2":"type-product","3":"status-publish","4":"has-post-thumbnail","6":"product_cat-cantare-diditale","8":"first","9":"instock","10":"sale","11":"shipping-taxable","12":"purchasable","13":"product-type-simple"},"acf":[],"jetpack_sharing_enabled":true,"_links":{"self":[{"href":"https:\/\/airomak.net\/en\/wp-json\/wp\/v2\/product\/5446","targetHints":{"allow":["GET"]}}],"collection":[{"href":"https:\/\/airomak.net\/en\/wp-json\/wp\/v2\/product"}],"about":[{"href":"https:\/\/airomak.net\/en\/wp-json\/wp\/v2\/types\/product"}],"replies":[{"embeddable":true,"href":"https:\/\/airomak.net\/en\/wp-json\/wp\/v2\/comments?post=5446"}],"wp:featuredmedia":[{"embeddable":true,"href":"https:\/\/airomak.net\/en\/wp-json\/wp\/v2\/media\/8307"}],"wp:attachment":[{"href":"https:\/\/airomak.net\/en\/wp-json\/wp\/v2\/media?parent=5446"}],"wp:term":[{"taxonomy":"product_brand","embeddable":true,"href":"https:\/\/airomak.net\/en\/wp-json\/wp\/v2\/product_brand?post=5446"},{"taxonomy":"product_cat","embeddable":true,"href":"https:\/\/airomak.net\/en\/wp-json\/wp\/v2\/product_cat?post=5446"},{"taxonomy":"product_tag","embeddable":true,"href":"https:\/\/airomak.net\/en\/wp-json\/wp\/v2\/product_tag?post=5446"}],"curies":[{"name":"wp","href":"https:\/\/api.w.org\/{rel}","templated":true}]}}