{"id":5439,"date":"2025-10-04T21:18:05","date_gmt":"2025-10-04T21:18:05","guid":{"rendered":"https:\/\/airomak.net\/?post_type=product&#038;p=5439"},"modified":"2026-04-24T12:02:11","modified_gmt":"2026-04-24T12:02:11","slug":"manometru-digital-4","status":"publish","type":"product","link":"https:\/\/airomak.net\/en\/product\/manometru-digital-4\/","title":{"rendered":"Manometru digital DMG 1"},"content":{"rendered":"<p>Aitcool DMG 1 este un manometru digital modern conceput pentru masurarea precisa a presiunii in sistemele de refrigerare si aer conditionat. Datorita preciziei sale ridicate, afisajului usor de utilizat si suportului pentru diversi agenti frigorifici, este un instrument indispensabil pentru tehnicienii de service.<br \/>\nPrincipalele avantaje:<br \/>\nPrecizie mare de masurare pentru uz profesional<br \/>\nAfisaj digital cu iluminare de fundal pentru functionare in orice conditii<br \/>\nCompatibilitate cu diversi agenti frigorifici (R32, R410A, R134a, R22 etc )<br \/>\nCarcasa robusta pentru utilizare fiabila in deplasare si in ateliere<br \/>\nOprire automata pentru a economisi energia bateriei<br \/>\nCompact si usor pentru transport usor<br \/>\nSpecificatii tehnice:<br \/>\nModel: Aitcool DMG 1<br \/>\nTip: Manometru digital<br \/>\nDomeniul de masurare a presiunii: &#8211; 30 &#8211; 720PSI<br \/>\nUnitati de masura: PSI, MPa, bare si altele<br \/>\nAgenti frigorifici compatibili: R32, R410A, R134a, R22 si altii<br \/>\nAlimentare: baterie<br \/>\nAitcool DMG 1 este o alegere de incredere pentru profesionistii care au nevoie de masuratori precise si rapide ale presiunii in sistemele de aer conditionat si refrigerare.<\/p>","protected":false},"excerpt":{"rendered":"<p>Manometru digital DMG 1 pentru m\u0103surarea presiunii \u00een sisteme HVAC \u0219i refrigerare.<\/p>\n<p>\u2714 Precizie ridicat\u0103 pentru m\u0103sur\u0103tori exacte<br \/>\n\u2714 Afi\u0219aj digital u\u0219or de citit<br \/>\n\u2714 Ideal pentru utilizare profesional\u0103<\/p>\n<p>Livrare rapid\u0103 din stoc. Comand\u0103 acum!<\/p>","protected":false},"featured_media":8686,"comment_status":"open","ping_status":"closed","template":"","meta":{"_acf_changed":false,"_joinchat":[]},"product_brand":[],"product_cat":[235],"product_tag":[],"class_list":{"0":"post-5439","1":"product","2":"type-product","3":"status-publish","4":"has-post-thumbnail","6":"product_cat-manometru-digital","8":"first","9":"instock","10":"shipping-taxable","11":"purchasable","12":"product-type-simple"},"acf":[],"jetpack_sharing_enabled":true,"_links":{"self":[{"href":"https:\/\/airomak.net\/en\/wp-json\/wp\/v2\/product\/5439","targetHints":{"allow":["GET"]}}],"collection":[{"href":"https:\/\/airomak.net\/en\/wp-json\/wp\/v2\/product"}],"about":[{"href":"https:\/\/airomak.net\/en\/wp-json\/wp\/v2\/types\/product"}],"replies":[{"embeddable":true,"href":"https:\/\/airomak.net\/en\/wp-json\/wp\/v2\/comments?post=5439"}],"wp:featuredmedia":[{"embeddable":true,"href":"https:\/\/airomak.net\/en\/wp-json\/wp\/v2\/media\/8686"}],"wp:attachment":[{"href":"https:\/\/airomak.net\/en\/wp-json\/wp\/v2\/media?parent=5439"}],"wp:term":[{"taxonomy":"product_brand","embeddable":true,"href":"https:\/\/airomak.net\/en\/wp-json\/wp\/v2\/product_brand?post=5439"},{"taxonomy":"product_cat","embeddable":true,"href":"https:\/\/airomak.net\/en\/wp-json\/wp\/v2\/product_cat?post=5439"},{"taxonomy":"product_tag","embeddable":true,"href":"https:\/\/airomak.net\/en\/wp-json\/wp\/v2\/product_tag?post=5439"}],"curies":[{"name":"wp","href":"https:\/\/api.w.org\/{rel}","templated":true}]}}