{"id":5435,"date":"2025-10-04T21:18:05","date_gmt":"2025-10-04T21:18:05","guid":{"rendered":"https:\/\/airomak.net\/?post_type=product&#038;p=5435"},"modified":"2026-04-21T19:21:38","modified_gmt":"2026-04-21T19:21:38","slug":"set-profesional-pentru-incarcarea-si-verificarea-instalatiilor-de-aer-conditionat-5","status":"publish","type":"product","link":"https:\/\/airomak.net\/en\/product\/set-profesional-pentru-incarcarea-si-verificarea-instalatiilor-de-aer-conditionat-5\/","title":{"rendered":"Manometru YS MGS R744"},"content":{"rendered":"<p>V\u00e2nd manometru profesional Yiesen YS MGS R744, special conceput pentru m\u0103surarea presiunii \u00een instala\u021bii frigorifice \u0219i sisteme HVAC ce folosesc agentul frigorific ecologic R744 (dioxid de carbon).<\/p>\n<p>Caracteristici tehnice:<br \/>\n-Compatibilitate: Proiectat pentru agent frigorific R744 (CO\u2082)<br \/>\n-Presiunea de lucru:0 &#8211; 16MPa, 0 &#8211; 2400PSI, 120 &#8211; 600Bar.<br \/>\n-Carcas\u0103: Metalic\u0103, robust\u0103, rezistent\u0103 la condi\u021bii industriale \u0219i \u0219ocuri mecanice<br \/>\n-Con\u021binutul setului: Cheis aluminiu, 2 cuple rapide, demontator pentru miez de supapa, 3 furtune.<br \/>\nAplica\u021bii recomandate:<br \/>\n-Instala\u021bii frigorifice comerciale \u0219i industriale<br \/>\n-Sisteme de climatizare \u0219i pompe de c\u0103ldur\u0103<br \/>\n-Camere frigorifice, chillere \u0219i vitrine frigorifice<br \/>\nI-ndustria alimentar\u0103 \u0219i farmaceutic\u0103<br \/>\n-Orice sistem care utilizeaz\u0103 agent frigorific ecologic R744 (CO\u2082)<br \/>\nAvantaje:<br \/>\n-Durabilitate \u0219i fiabilitate \u00een condi\u021bii de presiune ridicat\u0103<br \/>\n-Design ergonomic, u\u0219or de citit<br \/>\n-Monitorizare precis\u0103 pentru siguran\u021ba \u0219i protec\u021bia echipamentelor<br \/>\n-Ajut\u0103 la operarea \u00een condi\u021bii optime a instala\u021biilor frigorifice ecologice<\/p>","protected":false},"excerpt":{"rendered":"<p>Set manometru profesional pentru m\u0103surarea presiunii freonului R744 (CO2) \u00een sisteme HVAC.<\/p>","protected":false},"featured_media":8498,"comment_status":"open","ping_status":"closed","template":"","meta":{"_acf_changed":false,"_joinchat":[]},"product_brand":[],"product_cat":[233],"product_tag":[],"class_list":{"0":"post-5435","1":"product","2":"type-product","3":"status-publish","4":"has-post-thumbnail","6":"product_cat-manometru","8":"first","9":"instock","10":"shipping-taxable","11":"purchasable","12":"product-type-simple"},"acf":[],"jetpack_sharing_enabled":true,"_links":{"self":[{"href":"https:\/\/airomak.net\/en\/wp-json\/wp\/v2\/product\/5435","targetHints":{"allow":["GET"]}}],"collection":[{"href":"https:\/\/airomak.net\/en\/wp-json\/wp\/v2\/product"}],"about":[{"href":"https:\/\/airomak.net\/en\/wp-json\/wp\/v2\/types\/product"}],"replies":[{"embeddable":true,"href":"https:\/\/airomak.net\/en\/wp-json\/wp\/v2\/comments?post=5435"}],"wp:featuredmedia":[{"embeddable":true,"href":"https:\/\/airomak.net\/en\/wp-json\/wp\/v2\/media\/8498"}],"wp:attachment":[{"href":"https:\/\/airomak.net\/en\/wp-json\/wp\/v2\/media?parent=5435"}],"wp:term":[{"taxonomy":"product_brand","embeddable":true,"href":"https:\/\/airomak.net\/en\/wp-json\/wp\/v2\/product_brand?post=5435"},{"taxonomy":"product_cat","embeddable":true,"href":"https:\/\/airomak.net\/en\/wp-json\/wp\/v2\/product_cat?post=5435"},{"taxonomy":"product_tag","embeddable":true,"href":"https:\/\/airomak.net\/en\/wp-json\/wp\/v2\/product_tag?post=5435"}],"curies":[{"name":"wp","href":"https:\/\/api.w.org\/{rel}","templated":true}]}}