{"id":5434,"date":"2025-10-04T21:18:05","date_gmt":"2025-10-04T21:18:05","guid":{"rendered":"https:\/\/airomak.net\/?post_type=product&#038;p=5434"},"modified":"2026-04-21T19:19:40","modified_gmt":"2026-04-21T19:19:40","slug":"5434","status":"publish","type":"product","link":"https:\/\/airomak.net\/en\/product\/5434\/","title":{"rendered":"Manometru YS 89"},"content":{"rendered":"<p>Manometru 2 ventil YS 89 de calitate, ideal pentru incarcarea si verificarea presiunii in instalatiile de aer conditionat si frigidere. Afiseaza presiunea in PSI si BAR, indica temperatura de evaporare a freonului si permite lucrul cu mai multe tipuri de refrigeranti.<\/p>\n<p>Setul contine:<\/p>\n<p>YS CTV 301<\/p>\n<p>YS QC 105<\/p>\n<p>YS OV 556<\/p>\n<p>Presiunea de lucru:<\/p>\n<p>H -30 &#8211; 500 PSI, -1 &#8211; 55 bar<\/p>\n<p>L -30 &#8211; 260 PSI, 0 &#8211; 35 bar<\/p>\n<p>Trei furtune 150cm Pressure 600PSI-3000PSI<\/p>\n<p>Filet 1\/4<\/p>\n<p>Compatibil R22,134A, R410A. 404A.<\/p>\n<p>Set complet, gata de utilizare, in stare excelenta.<\/p>","protected":false},"excerpt":{"rendered":"<p>Set manometru profesional pentru m\u0103surarea presiunii \u0219i \u00eenc\u0103rcarea freonului \u00een sisteme HVAC.<\/p>","protected":false},"featured_media":8499,"comment_status":"open","ping_status":"closed","template":"","meta":{"_acf_changed":false,"_joinchat":[]},"product_brand":[],"product_cat":[233],"product_tag":[],"class_list":{"0":"post-5434","1":"product","2":"type-product","3":"status-publish","4":"has-post-thumbnail","6":"product_cat-manometru","8":"first","9":"instock","10":"shipping-taxable","11":"purchasable","12":"product-type-simple"},"acf":[],"jetpack_sharing_enabled":true,"_links":{"self":[{"href":"https:\/\/airomak.net\/en\/wp-json\/wp\/v2\/product\/5434","targetHints":{"allow":["GET"]}}],"collection":[{"href":"https:\/\/airomak.net\/en\/wp-json\/wp\/v2\/product"}],"about":[{"href":"https:\/\/airomak.net\/en\/wp-json\/wp\/v2\/types\/product"}],"replies":[{"embeddable":true,"href":"https:\/\/airomak.net\/en\/wp-json\/wp\/v2\/comments?post=5434"}],"wp:featuredmedia":[{"embeddable":true,"href":"https:\/\/airomak.net\/en\/wp-json\/wp\/v2\/media\/8499"}],"wp:attachment":[{"href":"https:\/\/airomak.net\/en\/wp-json\/wp\/v2\/media?parent=5434"}],"wp:term":[{"taxonomy":"product_brand","embeddable":true,"href":"https:\/\/airomak.net\/en\/wp-json\/wp\/v2\/product_brand?post=5434"},{"taxonomy":"product_cat","embeddable":true,"href":"https:\/\/airomak.net\/en\/wp-json\/wp\/v2\/product_cat?post=5434"},{"taxonomy":"product_tag","embeddable":true,"href":"https:\/\/airomak.net\/en\/wp-json\/wp\/v2\/product_tag?post=5434"}],"curies":[{"name":"wp","href":"https:\/\/api.w.org\/{rel}","templated":true}]}}