{"id":5430,"date":"2025-10-04T21:18:05","date_gmt":"2025-10-04T21:18:05","guid":{"rendered":"https:\/\/airomak.net\/?post_type=product&#038;p=5430"},"modified":"2026-04-21T18:59:16","modified_gmt":"2026-04-21T18:59:16","slug":"set-profesional-pentru-incarcarea-si-verificarea-instalatiilor-de-aer-conditionat-2","status":"publish","type":"product","link":"https:\/\/airomak.net\/en\/product\/set-profesional-pentru-incarcarea-si-verificarea-instalatiilor-de-aer-conditionat-2\/","title":{"rendered":"Manometru YS EAC 21"},"content":{"rendered":"<p>V\u00e2nd manometru 2 ventil YS EAC 21 de calitate, ideal pentru \u00eenc\u0103rcarea \u0219i verificarea presiunii \u00een instala\u021biile de aer condi\u021bionat \u0219i frigidere. Afi\u0219eaz\u0103 presiunea \u00een PSI \u0219i BAR, indic\u0103 temperatura de evaporare a freonului \u0219i permite lucrul cu mai multe tipuri de refrigeran\u021bi.<br \/>\nYS EAC 21<br \/>\nYS EAC 23H &#8211; 2<br \/>\nYS EAC 23L &#8211; 1<br \/>\nYS QC 104<br \/>\nManometru<br \/>\nH -30 &#8211; 800 PSI, -1 &#8211; 55 bar<br \/>\nL -30 &#8211; 500 PSI, -1 &#8211; 35 bar<br \/>\nTrei furtune 150cm Pressure 600PSI-3000PSI<br \/>\nFilet 1\/4<br \/>\nCompatibil 410a.R22.134a.404a.<br \/>\nSet complet, gata de utilizare, \u00een stare excelent\u0103.<\/p>","protected":false},"excerpt":{"rendered":"<p>Set manometru profesional pentru m\u0103surarea presiunii \u0219i \u00eenc\u0103rcarea freonului \u00een sisteme HVAC.<\/p>","protected":false},"featured_media":8502,"comment_status":"open","ping_status":"closed","template":"","meta":{"_acf_changed":false,"_themeisle_gutenberg_block_has_review":false,"_joinchat":[]},"product_brand":[],"product_cat":[233],"product_tag":[],"class_list":{"0":"post-5430","1":"product","2":"type-product","3":"status-publish","4":"has-post-thumbnail","6":"product_cat-manometru","8":"first","9":"instock","10":"shipping-taxable","11":"purchasable","12":"product-type-simple"},"acf":[],"jetpack_sharing_enabled":true,"_links":{"self":[{"href":"https:\/\/airomak.net\/en\/wp-json\/wp\/v2\/product\/5430","targetHints":{"allow":["GET"]}}],"collection":[{"href":"https:\/\/airomak.net\/en\/wp-json\/wp\/v2\/product"}],"about":[{"href":"https:\/\/airomak.net\/en\/wp-json\/wp\/v2\/types\/product"}],"replies":[{"embeddable":true,"href":"https:\/\/airomak.net\/en\/wp-json\/wp\/v2\/comments?post=5430"}],"wp:featuredmedia":[{"embeddable":true,"href":"https:\/\/airomak.net\/en\/wp-json\/wp\/v2\/media\/8502"}],"wp:attachment":[{"href":"https:\/\/airomak.net\/en\/wp-json\/wp\/v2\/media?parent=5430"}],"wp:term":[{"taxonomy":"product_brand","embeddable":true,"href":"https:\/\/airomak.net\/en\/wp-json\/wp\/v2\/product_brand?post=5430"},{"taxonomy":"product_cat","embeddable":true,"href":"https:\/\/airomak.net\/en\/wp-json\/wp\/v2\/product_cat?post=5430"},{"taxonomy":"product_tag","embeddable":true,"href":"https:\/\/airomak.net\/en\/wp-json\/wp\/v2\/product_tag?post=5430"}],"curies":[{"name":"wp","href":"https:\/\/api.w.org\/{rel}","templated":true}]}}