{"id":5428,"date":"2025-10-04T21:18:05","date_gmt":"2025-10-04T21:18:05","guid":{"rendered":"https:\/\/airomak.net\/?post_type=product&#038;p=5428"},"modified":"2026-01-19T12:12:13","modified_gmt":"2026-01-19T12:12:13","slug":"manometru-9","status":"publish","type":"product","link":"https:\/\/airomak.net\/en\/product\/manometru-9\/","title":{"rendered":"Manometru HMG 2 R32"},"content":{"rendered":"<p>Aitcool HMG 2 R32 II este un manometru mecanic de \u00eenalt\u0103 calitate conceput pentru a m\u0103sura presiunea \u00een sistemele de aer condi\u021bionat \u0219i refrigerare care func\u021bioneaz\u0103 cu agent frigorific R32. Datorit\u0103 m\u0103sur\u0103torilor sale precise, carcasei robuste \u0219i designului u\u0219or de utilizat, acest manometru este ideal pentru uz profesional.<\/p>\n<p>Principalele avantaje:<br \/>\nCompatibil cu R32 \u2013 optimizat pentru acest agent frigorific<br \/>\nScar\u0103 clar\u0103 cu marcaje de culoare pentru citirea u\u0219oar\u0103 a indicatorilor<br \/>\nPrecizie mare de m\u0103surare pentru servicii profesionale<br \/>\nCarcas\u0103 robust\u0103 pentru durabilitate \u0219i protec\u021bie \u00eempotriva deterior\u0103rii<br \/>\nConexiune convenabil\u0103 la re\u021beaua sistemului de aer condi\u021bionat<br \/>\nDesign compact pentru transport confortabil<\/p>\n<p>Specificatii tehnice:<br \/>\nModel: Aitcool HMG 2 R32 II<br \/>\nTip: Manometru mecanic<br \/>\nAgen\u021bi frigorifici compatibili: R32, R410A<br \/>\nDomeniul de m\u0103surare a presiunii: &#8211; 30 &#8211; 800 PSI, -1- 55 bar<br \/>\nConexiune cu filet: 1\/4&#8243; SAE<br \/>\nMaterial carcas\u0103: metal sau plastic rezistent la impact<br \/>\nDiametru: 68mm<br \/>\nAccesorii: 3 furtunuri de 90cm (albastru, galben, ro\u0219u \u2013 toate 1\/4\u201d x 1\/4\u201d).<br \/>\nAitcool HMG 2 R32 II este un instrument de \u00eencredere pentru controlul precis al presiunii \u00een sistemele de aer condi\u021bionat care func\u021bioneaz\u0103 pe 2 R32 II, asigur\u00e2nd o \u00eentre\u021binere eficient\u0103.<\/p>","protected":false},"excerpt":{"rendered":"<p>Manometru<\/p>","protected":false},"featured_media":8292,"comment_status":"open","ping_status":"closed","template":"","meta":{"_acf_changed":false,"_themeisle_gutenberg_block_has_review":false,"_joinchat":[]},"product_brand":[],"product_cat":[233],"product_tag":[],"class_list":{"0":"post-5428","1":"product","2":"type-product","3":"status-publish","4":"has-post-thumbnail","6":"product_cat-manometru","8":"first","9":"outofstock","10":"sale","11":"shipping-taxable","12":"purchasable","13":"product-type-simple"},"acf":[],"jetpack_sharing_enabled":true,"_links":{"self":[{"href":"https:\/\/airomak.net\/en\/wp-json\/wp\/v2\/product\/5428","targetHints":{"allow":["GET"]}}],"collection":[{"href":"https:\/\/airomak.net\/en\/wp-json\/wp\/v2\/product"}],"about":[{"href":"https:\/\/airomak.net\/en\/wp-json\/wp\/v2\/types\/product"}],"replies":[{"embeddable":true,"href":"https:\/\/airomak.net\/en\/wp-json\/wp\/v2\/comments?post=5428"}],"wp:featuredmedia":[{"embeddable":true,"href":"https:\/\/airomak.net\/en\/wp-json\/wp\/v2\/media\/8292"}],"wp:attachment":[{"href":"https:\/\/airomak.net\/en\/wp-json\/wp\/v2\/media?parent=5428"}],"wp:term":[{"taxonomy":"product_brand","embeddable":true,"href":"https:\/\/airomak.net\/en\/wp-json\/wp\/v2\/product_brand?post=5428"},{"taxonomy":"product_cat","embeddable":true,"href":"https:\/\/airomak.net\/en\/wp-json\/wp\/v2\/product_cat?post=5428"},{"taxonomy":"product_tag","embeddable":true,"href":"https:\/\/airomak.net\/en\/wp-json\/wp\/v2\/product_tag?post=5428"}],"curies":[{"name":"wp","href":"https:\/\/api.w.org\/{rel}","templated":true}]}}