{"id":5424,"date":"2025-10-04T21:17:58","date_gmt":"2025-10-04T21:17:58","guid":{"rendered":"https:\/\/airomak.net\/?post_type=product&#038;p=5424"},"modified":"2026-04-29T08:56:01","modified_gmt":"2026-04-29T08:56:01","slug":"manometru-6","status":"publish","type":"product","link":"https:\/\/airomak.net\/en\/product\/manometru-6\/","title":{"rendered":"Manometru YS MGS 91"},"content":{"rendered":"<p>Manifoldul de presiune cu 2 valve este utilizat pentru umplerea \u0219i diagnosticarea sistemelor de refrigerare: frigidere, congelatoare, aparate de aer condi\u021bionat de uz casnic, aparate de aer condi\u021bionat auto. Foarte convenabil \u0219i u\u0219or de utilizat.<br \/>\nPresiune joasa: -30 &#8211; 500PSI, -1 &#8211; 35Bar.<br \/>\nPresiune innalta: -30 &#8211; 800PSI, -1 &#8211; 55Bar.<br \/>\nPentru agen\u021bi frigorifici: R134A, R22, R404A, R410A.<br \/>\nSet complet: 3 furtunuri, c\u00e2te 90 cm fiecare.<br \/>\nEchipamente suplimentare pot fi achizi\u021bionate separat: c\u00e2ntar electronic pentru freon, cuplaje cu eliberare rapid\u0103 pentru presiune \u00eenalt\u0103 \u0219i joas\u0103, detector de scurgeri de freon.<\/p>","protected":false},"excerpt":{"rendered":"<p>Set manometru cu 2 valve pentru m\u0103surarea presiunii \u0219i \u00eenc\u0103rcarea freonului \u00een sisteme HVAC.<\/p>","protected":false},"featured_media":8289,"comment_status":"open","ping_status":"closed","template":"","meta":{"_acf_changed":false,"_themeisle_gutenberg_block_has_review":false,"_joinchat":[]},"product_brand":[],"product_cat":[233],"product_tag":[],"class_list":{"0":"post-5424","1":"product","2":"type-product","3":"status-publish","4":"has-post-thumbnail","6":"product_cat-manometru","8":"first","9":"instock","10":"sale","11":"shipping-taxable","12":"purchasable","13":"product-type-simple"},"acf":[],"jetpack_sharing_enabled":true,"_links":{"self":[{"href":"https:\/\/airomak.net\/en\/wp-json\/wp\/v2\/product\/5424","targetHints":{"allow":["GET"]}}],"collection":[{"href":"https:\/\/airomak.net\/en\/wp-json\/wp\/v2\/product"}],"about":[{"href":"https:\/\/airomak.net\/en\/wp-json\/wp\/v2\/types\/product"}],"replies":[{"embeddable":true,"href":"https:\/\/airomak.net\/en\/wp-json\/wp\/v2\/comments?post=5424"}],"wp:featuredmedia":[{"embeddable":true,"href":"https:\/\/airomak.net\/en\/wp-json\/wp\/v2\/media\/8289"}],"wp:attachment":[{"href":"https:\/\/airomak.net\/en\/wp-json\/wp\/v2\/media?parent=5424"}],"wp:term":[{"taxonomy":"product_brand","embeddable":true,"href":"https:\/\/airomak.net\/en\/wp-json\/wp\/v2\/product_brand?post=5424"},{"taxonomy":"product_cat","embeddable":true,"href":"https:\/\/airomak.net\/en\/wp-json\/wp\/v2\/product_cat?post=5424"},{"taxonomy":"product_tag","embeddable":true,"href":"https:\/\/airomak.net\/en\/wp-json\/wp\/v2\/product_tag?post=5424"}],"curies":[{"name":"wp","href":"https:\/\/api.w.org\/{rel}","templated":true}]}}