{"id":5421,"date":"2025-10-04T21:17:58","date_gmt":"2025-10-04T21:17:58","guid":{"rendered":"https:\/\/airomak.net\/?post_type=product&#038;p=5421"},"modified":"2026-04-21T18:38:15","modified_gmt":"2026-04-21T18:38:15","slug":"manometru-5","status":"publish","type":"product","link":"https:\/\/airomak.net\/en\/product\/manometru-5\/","title":{"rendered":"Manometru YS SMG 921"},"content":{"rendered":"<p>Colector manometric de joas\u0103 presiune cu o singur\u0103 supap\u0103 YS SMG 921<br \/>\nConceput pentru freon R410a \/ R22 \/ R134a \/ R404a.<br \/>\nDiametru de calibrare 60 x 80 mm.<br \/>\nFilet 1\/4&#8243; SAE<\/p>","protected":false},"excerpt":{"rendered":"<p>Manometru pentru m\u0103surarea presiunii joase \u00een sisteme HVAC \u0219i refrigerare.<\/p>","protected":false},"featured_media":8505,"comment_status":"open","ping_status":"closed","template":"","meta":{"_acf_changed":false,"_joinchat":[]},"product_brand":[],"product_cat":[233],"product_tag":[],"class_list":{"0":"post-5421","1":"product","2":"type-product","3":"status-publish","4":"has-post-thumbnail","6":"product_cat-manometru","8":"first","9":"instock","10":"shipping-taxable","11":"purchasable","12":"product-type-simple"},"acf":[],"jetpack_sharing_enabled":true,"_links":{"self":[{"href":"https:\/\/airomak.net\/en\/wp-json\/wp\/v2\/product\/5421","targetHints":{"allow":["GET"]}}],"collection":[{"href":"https:\/\/airomak.net\/en\/wp-json\/wp\/v2\/product"}],"about":[{"href":"https:\/\/airomak.net\/en\/wp-json\/wp\/v2\/types\/product"}],"replies":[{"embeddable":true,"href":"https:\/\/airomak.net\/en\/wp-json\/wp\/v2\/comments?post=5421"}],"wp:featuredmedia":[{"embeddable":true,"href":"https:\/\/airomak.net\/en\/wp-json\/wp\/v2\/media\/8505"}],"wp:attachment":[{"href":"https:\/\/airomak.net\/en\/wp-json\/wp\/v2\/media?parent=5421"}],"wp:term":[{"taxonomy":"product_brand","embeddable":true,"href":"https:\/\/airomak.net\/en\/wp-json\/wp\/v2\/product_brand?post=5421"},{"taxonomy":"product_cat","embeddable":true,"href":"https:\/\/airomak.net\/en\/wp-json\/wp\/v2\/product_cat?post=5421"},{"taxonomy":"product_tag","embeddable":true,"href":"https:\/\/airomak.net\/en\/wp-json\/wp\/v2\/product_tag?post=5421"}],"curies":[{"name":"wp","href":"https:\/\/api.w.org\/{rel}","templated":true}]}}