{"id":5420,"date":"2025-10-04T21:17:58","date_gmt":"2025-10-04T21:17:58","guid":{"rendered":"https:\/\/airomak.net\/?post_type=product&#038;p=5420"},"modified":"2026-04-21T18:18:54","modified_gmt":"2026-04-21T18:18:54","slug":"manometru-de-presiune-joasa","status":"publish","type":"product","link":"https:\/\/airomak.net\/en\/product\/manometru-de-presiune-joasa\/","title":{"rendered":"Manometru YS SMG 925"},"content":{"rendered":"<p>Colector manometric de joas\u0103 presiune cu o singur\u0103 supap\u0103 YS SMG 925<br \/>\nColector de \u00eenc\u0103rcare cu o singur\u0103 supap\u0103.<br \/>\nPresiune de lucru: -1 &#8211; 35Bar, -30 &#8211; 500PSI.<br \/>\nCompatibilitate: R134A\/R404A\/R410A\/R32\/R22.<br \/>\nRacord 1\/4 SAE<\/p>","protected":false},"excerpt":{"rendered":"<p>Manometru pentru m\u0103surarea presiunii joase \u00een sisteme de aer condi\u021bionat \u0219i refrigerare.<\/p>","protected":false},"featured_media":8507,"comment_status":"open","ping_status":"closed","template":"","meta":{"_acf_changed":false,"_themeisle_gutenberg_block_has_review":false,"_joinchat":[]},"product_brand":[],"product_cat":[233],"product_tag":[],"class_list":{"0":"post-5420","1":"product","2":"type-product","3":"status-publish","4":"has-post-thumbnail","6":"product_cat-manometru","8":"first","9":"instock","10":"shipping-taxable","11":"purchasable","12":"product-type-simple"},"acf":[],"jetpack_sharing_enabled":true,"_links":{"self":[{"href":"https:\/\/airomak.net\/en\/wp-json\/wp\/v2\/product\/5420","targetHints":{"allow":["GET"]}}],"collection":[{"href":"https:\/\/airomak.net\/en\/wp-json\/wp\/v2\/product"}],"about":[{"href":"https:\/\/airomak.net\/en\/wp-json\/wp\/v2\/types\/product"}],"replies":[{"embeddable":true,"href":"https:\/\/airomak.net\/en\/wp-json\/wp\/v2\/comments?post=5420"}],"wp:featuredmedia":[{"embeddable":true,"href":"https:\/\/airomak.net\/en\/wp-json\/wp\/v2\/media\/8507"}],"wp:attachment":[{"href":"https:\/\/airomak.net\/en\/wp-json\/wp\/v2\/media?parent=5420"}],"wp:term":[{"taxonomy":"product_brand","embeddable":true,"href":"https:\/\/airomak.net\/en\/wp-json\/wp\/v2\/product_brand?post=5420"},{"taxonomy":"product_cat","embeddable":true,"href":"https:\/\/airomak.net\/en\/wp-json\/wp\/v2\/product_cat?post=5420"},{"taxonomy":"product_tag","embeddable":true,"href":"https:\/\/airomak.net\/en\/wp-json\/wp\/v2\/product_tag?post=5420"}],"curies":[{"name":"wp","href":"https:\/\/api.w.org\/{rel}","templated":true}]}}