{"id":5419,"date":"2025-10-04T21:17:58","date_gmt":"2025-10-04T21:17:58","guid":{"rendered":"https:\/\/airomak.net\/?post_type=product&#038;p=5419"},"modified":"2026-04-16T18:04:48","modified_gmt":"2026-04-16T18:04:48","slug":"manometru-de-presiune-inalta","status":"publish","type":"product","link":"https:\/\/airomak.net\/en\/product\/manometru-de-presiune-inalta\/","title":{"rendered":"Manometru YS SMG 926"},"content":{"rendered":"<p>Manometru pentru freon YS SMG 926 de presiune joas\u0103 .<br \/>\nColector de \u00eenc\u0103rcare 1 &#8211; supap\u0103.<br \/>\nScal\u0103 pentru lucrul cu freon R502 \/ R22 \/ R12.<br \/>\nRacord 1\/4 SAE<\/p>","protected":false},"excerpt":{"rendered":"<p>Manometru YS SMG 926 pentru m\u0103surarea presiunii \u00een sisteme HVAC.<\/p>\n<p>\u2714 Precizie ridicat\u0103<br \/>\n\u2714 Utilizare profesional\u0103<br \/>\n\u2714 Construc\u021bie durabil\u0103<\/p>\n<p>Livrare rapid\u0103 din stoc. Comand\u0103 acum!<\/p>","protected":false},"featured_media":8288,"comment_status":"open","ping_status":"closed","template":"","meta":{"_acf_changed":false,"_themeisle_gutenberg_block_has_review":false,"_joinchat":[]},"product_brand":[],"product_cat":[233],"product_tag":[],"class_list":{"0":"post-5419","1":"product","2":"type-product","3":"status-publish","4":"has-post-thumbnail","6":"product_cat-manometru","8":"first","9":"instock","10":"sale","11":"shipping-taxable","12":"purchasable","13":"product-type-simple"},"acf":[],"jetpack_sharing_enabled":true,"_links":{"self":[{"href":"https:\/\/airomak.net\/en\/wp-json\/wp\/v2\/product\/5419","targetHints":{"allow":["GET"]}}],"collection":[{"href":"https:\/\/airomak.net\/en\/wp-json\/wp\/v2\/product"}],"about":[{"href":"https:\/\/airomak.net\/en\/wp-json\/wp\/v2\/types\/product"}],"replies":[{"embeddable":true,"href":"https:\/\/airomak.net\/en\/wp-json\/wp\/v2\/comments?post=5419"}],"wp:featuredmedia":[{"embeddable":true,"href":"https:\/\/airomak.net\/en\/wp-json\/wp\/v2\/media\/8288"}],"wp:attachment":[{"href":"https:\/\/airomak.net\/en\/wp-json\/wp\/v2\/media?parent=5419"}],"wp:term":[{"taxonomy":"product_brand","embeddable":true,"href":"https:\/\/airomak.net\/en\/wp-json\/wp\/v2\/product_brand?post=5419"},{"taxonomy":"product_cat","embeddable":true,"href":"https:\/\/airomak.net\/en\/wp-json\/wp\/v2\/product_cat?post=5419"},{"taxonomy":"product_tag","embeddable":true,"href":"https:\/\/airomak.net\/en\/wp-json\/wp\/v2\/product_tag?post=5419"}],"curies":[{"name":"wp","href":"https:\/\/api.w.org\/{rel}","templated":true}]}}