{"id":5417,"date":"2025-10-04T21:17:58","date_gmt":"2025-10-04T21:17:58","guid":{"rendered":"https:\/\/airomak.net\/?post_type=product&#038;p=5417"},"modified":"2026-04-20T09:47:53","modified_gmt":"2026-04-20T09:47:53","slug":"manometru-digital","status":"publish","type":"product","link":"https:\/\/airomak.net\/en\/product\/manometru-digital\/","title":{"rendered":"Ceas manometru digital WK688L presiune joas\u0103"},"content":{"rendered":"<p>Manometru digital multifunc\u021bional, ideal pentru m\u0103surarea presiunii \u00een sisteme HVAC \u0219i frigorifice, cu func\u021bie dubl\u0103: contor de agent frigorific \u0219i manometru de vid, comutabile \u00eentre ele pentru o utilizare facil\u0103.<\/p>\n<p>Caracteristici principale:<br \/>\n1. Permite comutarea \u00eentre contorul de agent frigorific \u0219i manometrul de vid<br \/>\n2. Baz\u0103 de date \u00eencorporat\u0103 cu 82 de tipuri de agen\u021bi frigorifici \u0219i temperaturile corespunz\u0103toare<br \/>\n3. M\u0103soar\u0103 presiunea vidului \u0219i afi\u0219eaz\u0103 gradul de vacuum sub form\u0103 de procent<br \/>\n4. Avertizare la tensiune sc\u0103zut\u0103 a bateriei \u2013 autonomie de p\u00e2n\u0103 la 30 de ore<br \/>\n5. Compatibil cu modelele: WK-6881H, WK-6881L, WK-6882, WK-6884<\/p>\n<p>&#8211; Compatibil cu 80 de tipuri de agen\u021bi frigorifici (R22, R32, R134a, R404A, R407C, R410A, etc.)<br \/>\n-30 PSI &#8211; 870 PSI,<br \/>\n-1bar -60bari<br \/>\n\u2022 Ecran digital cu func\u021bii: ON\/OFF, ZERO, UNIT, R+, R-<br \/>\n\u2022 U\u0219or de utilizat \u0219i precis<br \/>\n\u2022 Construc\u021bie robust\u0103, ideal\u0103 pentru utilizare profesional\u0103<br \/>\n&#8211; Rezolu\u021bie: 1 kPa;<br \/>\n&#8211; Precizie: \u22640.5%;<br \/>\n&#8211; Unit\u0103\u021bi de m\u0103sur\u0103 multiple pentru presiune \u0219i temperatur\u0103 (\u00b0C\/\u00b0F, kPa, Bar, Psi, etc.);<br \/>\n&#8211; Dimensiuni: 84x155x64 mm;<br \/>\n&#8211; Display LCD clar \u0219i u\u0219or de citit.<br \/>\nIdeal pentru profesioni\u0219tii care caut\u0103 performan\u021b\u0103, fiabilitate \u0219i versatilitate \u00eentr-un singur dispozitiv.<\/p>","protected":false},"excerpt":{"rendered":"<p>Manometru digital WK688L pentru m\u0103surarea presiunii \u00een sisteme HVAC \u0219i frigorifice.<\/p>\n<p>\u2714 Func\u021bii multiple pentru utilizare u\u0219oar\u0103<br \/>\n\u2714 Ideal pentru aplica\u021bii profesionale<br \/>\n\u2714 Precizie ridicat\u0103<\/p>\n<p>Livrare rapid\u0103 din stoc. Comand\u0103 acum!<\/p>","protected":false},"featured_media":8513,"comment_status":"open","ping_status":"closed","template":"","meta":{"_acf_changed":false,"_joinchat":[]},"product_brand":[],"product_cat":[326],"product_tag":[],"class_list":{"0":"post-5417","1":"product","2":"type-product","3":"status-publish","4":"has-post-thumbnail","6":"product_cat-accesorii-manometre-si-furtune","8":"first","9":"instock","10":"shipping-taxable","11":"purchasable","12":"product-type-simple"},"acf":[],"jetpack_sharing_enabled":true,"_links":{"self":[{"href":"https:\/\/airomak.net\/en\/wp-json\/wp\/v2\/product\/5417","targetHints":{"allow":["GET"]}}],"collection":[{"href":"https:\/\/airomak.net\/en\/wp-json\/wp\/v2\/product"}],"about":[{"href":"https:\/\/airomak.net\/en\/wp-json\/wp\/v2\/types\/product"}],"replies":[{"embeddable":true,"href":"https:\/\/airomak.net\/en\/wp-json\/wp\/v2\/comments?post=5417"}],"wp:featuredmedia":[{"embeddable":true,"href":"https:\/\/airomak.net\/en\/wp-json\/wp\/v2\/media\/8513"}],"wp:attachment":[{"href":"https:\/\/airomak.net\/en\/wp-json\/wp\/v2\/media?parent=5417"}],"wp:term":[{"taxonomy":"product_brand","embeddable":true,"href":"https:\/\/airomak.net\/en\/wp-json\/wp\/v2\/product_brand?post=5417"},{"taxonomy":"product_cat","embeddable":true,"href":"https:\/\/airomak.net\/en\/wp-json\/wp\/v2\/product_cat?post=5417"},{"taxonomy":"product_tag","embeddable":true,"href":"https:\/\/airomak.net\/en\/wp-json\/wp\/v2\/product_tag?post=5417"}],"curies":[{"name":"wp","href":"https:\/\/api.w.org\/{rel}","templated":true}]}}