{"id":5416,"date":"2025-10-04T21:17:57","date_gmt":"2025-10-04T21:17:57","guid":{"rendered":"https:\/\/airomak.net\/?post_type=product&#038;p=5416"},"modified":"2026-04-30T18:50:32","modified_gmt":"2026-04-30T18:50:32","slug":"vacuumetru-wk-18vg","status":"publish","type":"product","link":"https:\/\/airomak.net\/en\/product\/vacuumetru-wk-18vg\/","title":{"rendered":"Vacuumetru WK 18VG"},"content":{"rendered":"<p>Dispozitivul este destinat m\u0103sur\u0103rii presiunii gazelor rarefiate \u00een timpul vid\u0103rii sistemelor de circula\u021bie a agentului frigorific. Caracteristici:<br \/>\n\u2022 Domeniu de m\u0103surare: p\u00e2n\u0103 la 1000 mbar (1 kPa = 10 mbar)<br \/>\n\u2022 Dotat cu \u0219urub de reglaj<br \/>\n\u2022 Opritor ro\u0219u pentru fixarea valorii m\u0103surate Ideal pentru utilizare \u00een instala\u021bii frigorifice \u0219i de aer condi\u021bionat.<\/p>","protected":false},"excerpt":{"rendered":"<p>Vacuumetru WK 18VG pentru m\u0103surarea presiunii \u00een timpul vid\u0103rii sistemelor HVAC.<\/p>\n<p>\u2714 Ideal pentru instala\u021bii frigorifice<br \/>\n\u2714 Utilizare profesional\u0103<br \/>\n\u2714 Construc\u021bie durabil\u0103<\/p>\n<p>Livrare rapid\u0103 din stoc. Comand\u0103 acum!<\/p>","protected":false},"featured_media":8280,"comment_status":"open","ping_status":"closed","template":"","meta":{"_acf_changed":false,"_joinchat":[]},"product_brand":[],"product_cat":[324],"product_tag":[],"class_list":{"0":"post-5416","1":"product","2":"type-product","3":"status-publish","4":"has-post-thumbnail","6":"product_cat-vacuumetru","8":"first","9":"instock","10":"shipping-taxable","11":"purchasable","12":"product-type-simple"},"acf":[],"jetpack_sharing_enabled":true,"_links":{"self":[{"href":"https:\/\/airomak.net\/en\/wp-json\/wp\/v2\/product\/5416","targetHints":{"allow":["GET"]}}],"collection":[{"href":"https:\/\/airomak.net\/en\/wp-json\/wp\/v2\/product"}],"about":[{"href":"https:\/\/airomak.net\/en\/wp-json\/wp\/v2\/types\/product"}],"replies":[{"embeddable":true,"href":"https:\/\/airomak.net\/en\/wp-json\/wp\/v2\/comments?post=5416"}],"wp:featuredmedia":[{"embeddable":true,"href":"https:\/\/airomak.net\/en\/wp-json\/wp\/v2\/media\/8280"}],"wp:attachment":[{"href":"https:\/\/airomak.net\/en\/wp-json\/wp\/v2\/media?parent=5416"}],"wp:term":[{"taxonomy":"product_brand","embeddable":true,"href":"https:\/\/airomak.net\/en\/wp-json\/wp\/v2\/product_brand?post=5416"},{"taxonomy":"product_cat","embeddable":true,"href":"https:\/\/airomak.net\/en\/wp-json\/wp\/v2\/product_cat?post=5416"},{"taxonomy":"product_tag","embeddable":true,"href":"https:\/\/airomak.net\/en\/wp-json\/wp\/v2\/product_tag?post=5416"}],"curies":[{"name":"wp","href":"https:\/\/api.w.org\/{rel}","templated":true}]}}