{"id":5415,"date":"2025-10-04T21:17:57","date_gmt":"2025-10-04T21:17:57","guid":{"rendered":"https:\/\/airomak.net\/?post_type=product&#038;p=5415"},"modified":"2026-04-20T09:49:35","modified_gmt":"2026-04-20T09:49:35","slug":"manometru-4","status":"publish","type":"product","link":"https:\/\/airomak.net\/en\/product\/manometru-4\/","title":{"rendered":"Ceas manometru WK 6816H presiune \u00eenalt\u0103"},"content":{"rendered":"<p>Caracteristice principale: WK-6816H<br \/>\nManometru de presiune inalta compatibil cu: 134a, 404a, 410a, 407c, R22.<br \/>\nBar 0-1 &#8211; 53<br \/>\nPsi 0-30 760<\/p>\n<p>\u2022 Racord: alam\u0103, filet 1\/8\u201d NPT (radial)<br \/>\n\u2022 Carcasa din o\u021bel vopsit \u00een c\u00e2mp electrostatic (albastru)<br \/>\n\u2022 Echipat cu \u0219urub de reglaj intern<\/p>\n<p>Avantaje:<br \/>\n\u2022 Precizie ridicat\u0103<br \/>\n\u2022 Gama larg\u0103 de presiune<br \/>\n\u2022 Fiabil \u0219i durabil<\/p>","protected":false},"excerpt":{"rendered":"<p>Manometru WK 6816H pentru m\u0103surarea presiunii \u00eenalte \u00een sisteme HVAC.<\/p>\n<p>\u2714 Compatibil cu agen\u021bi frigorifici uzuali<br \/>\n\u2714 Utilizare profesional\u0103<br \/>\n\u2714 Construc\u021bie durabil\u0103<\/p>\n<p>Livrare rapid\u0103 din stoc. Comand\u0103 acum!<\/p>","protected":false},"featured_media":8746,"comment_status":"open","ping_status":"closed","template":"","meta":{"_acf_changed":false,"_joinchat":[]},"product_brand":[],"product_cat":[326],"product_tag":[],"class_list":{"0":"post-5415","1":"product","2":"type-product","3":"status-publish","4":"has-post-thumbnail","6":"product_cat-accesorii-manometre-si-furtune","8":"first","9":"instock","10":"shipping-taxable","11":"purchasable","12":"product-type-simple"},"acf":[],"jetpack_sharing_enabled":true,"_links":{"self":[{"href":"https:\/\/airomak.net\/en\/wp-json\/wp\/v2\/product\/5415","targetHints":{"allow":["GET"]}}],"collection":[{"href":"https:\/\/airomak.net\/en\/wp-json\/wp\/v2\/product"}],"about":[{"href":"https:\/\/airomak.net\/en\/wp-json\/wp\/v2\/types\/product"}],"replies":[{"embeddable":true,"href":"https:\/\/airomak.net\/en\/wp-json\/wp\/v2\/comments?post=5415"}],"wp:featuredmedia":[{"embeddable":true,"href":"https:\/\/airomak.net\/en\/wp-json\/wp\/v2\/media\/8746"}],"wp:attachment":[{"href":"https:\/\/airomak.net\/en\/wp-json\/wp\/v2\/media?parent=5415"}],"wp:term":[{"taxonomy":"product_brand","embeddable":true,"href":"https:\/\/airomak.net\/en\/wp-json\/wp\/v2\/product_brand?post=5415"},{"taxonomy":"product_cat","embeddable":true,"href":"https:\/\/airomak.net\/en\/wp-json\/wp\/v2\/product_cat?post=5415"},{"taxonomy":"product_tag","embeddable":true,"href":"https:\/\/airomak.net\/en\/wp-json\/wp\/v2\/product_tag?post=5415"}],"curies":[{"name":"wp","href":"https:\/\/api.w.org\/{rel}","templated":true}]}}