{"id":5411,"date":"2025-10-04T21:17:57","date_gmt":"2025-10-04T21:17:57","guid":{"rendered":"https:\/\/airomak.net\/?post_type=product&#038;p=5411"},"modified":"2026-04-23T07:41:04","modified_gmt":"2026-04-23T07:41:04","slug":"furtun-de-incarcare-de-inalta-presiune-din-material-special-2","status":"publish","type":"product","link":"https:\/\/airomak.net\/en\/product\/furtun-de-incarcare-de-inalta-presiune-din-material-special-2\/","title":{"rendered":"Furtun de \u00eenc\u0103rcare AC YS CH 72 R410a"},"content":{"rendered":"<p>Furtun de \u00eenc\u0103rcare de \u00eenalt\u0103 presiune din material special.<br \/>\nPresiune de lucru 800PSI Burst 4000PSI.<br \/>\nRacordul Furtunelo:Rosu 1\/4 &#8211; 5\/16SAE&#8221;, Albastru 1\/4 &#8211; 5\/16SAE&#8221;, Galben 1\/4 &#8211; 1\/4.<br \/>\nCompatibilitate: R22, R134A, R404A, R407C, R410A.<br \/>\nLungime 180cm.<\/p>","protected":false},"excerpt":{"rendered":"<p>Furtun de \u00eenc\u0103rcare de \u00eenalt\u0103 presiune din material special.<\/p>","protected":false},"featured_media":8518,"comment_status":"open","ping_status":"closed","template":"","meta":{"_acf_changed":false,"_themeisle_gutenberg_block_has_review":false,"_joinchat":[]},"product_brand":[],"product_cat":[326],"product_tag":[348],"class_list":{"0":"post-5411","1":"product","2":"type-product","3":"status-publish","4":"has-post-thumbnail","6":"product_cat-accesorii-manometre-si-furtune","7":"product_tag-feed","9":"first","10":"instock","11":"shipping-taxable","12":"purchasable","13":"product-type-simple"},"acf":[],"jetpack_sharing_enabled":true,"_links":{"self":[{"href":"https:\/\/airomak.net\/en\/wp-json\/wp\/v2\/product\/5411","targetHints":{"allow":["GET"]}}],"collection":[{"href":"https:\/\/airomak.net\/en\/wp-json\/wp\/v2\/product"}],"about":[{"href":"https:\/\/airomak.net\/en\/wp-json\/wp\/v2\/types\/product"}],"replies":[{"embeddable":true,"href":"https:\/\/airomak.net\/en\/wp-json\/wp\/v2\/comments?post=5411"}],"wp:featuredmedia":[{"embeddable":true,"href":"https:\/\/airomak.net\/en\/wp-json\/wp\/v2\/media\/8518"}],"wp:attachment":[{"href":"https:\/\/airomak.net\/en\/wp-json\/wp\/v2\/media?parent=5411"}],"wp:term":[{"taxonomy":"product_brand","embeddable":true,"href":"https:\/\/airomak.net\/en\/wp-json\/wp\/v2\/product_brand?post=5411"},{"taxonomy":"product_cat","embeddable":true,"href":"https:\/\/airomak.net\/en\/wp-json\/wp\/v2\/product_cat?post=5411"},{"taxonomy":"product_tag","embeddable":true,"href":"https:\/\/airomak.net\/en\/wp-json\/wp\/v2\/product_tag?post=5411"}],"curies":[{"name":"wp","href":"https:\/\/api.w.org\/{rel}","templated":true}]}}