{"id":5410,"date":"2025-10-04T21:17:57","date_gmt":"2025-10-04T21:17:57","guid":{"rendered":"https:\/\/airomak.net\/?post_type=product&#038;p=5410"},"modified":"2026-04-23T07:40:26","modified_gmt":"2026-04-23T07:40:26","slug":"furtun-de-incarcare-de-inalta-presiune-din-material-special","status":"publish","type":"product","link":"https:\/\/airomak.net\/en\/product\/furtun-de-incarcare-de-inalta-presiune-din-material-special\/","title":{"rendered":"Furtun de \u00eenc\u0103rcare AC YS CH 60"},"content":{"rendered":"<p>Furtun de \u00eenc\u0103rcare de \u00eenalt\u0103 presiune din material special.<br \/>\nPresiune de lucru 600PSI Burst 3000PSI.<br \/>\nToate furtunurile cu racorduri 1\/4&#8243;SAE.<br \/>\nCompatibilitate: R22, R134A, R404A, R407C, R410A.<br \/>\nLungime 150cm.<\/p>","protected":false},"excerpt":{"rendered":"<p>Furtun de \u00eenc\u0103rcare de \u00eenalt\u0103 presiune din material special.<\/p>","protected":false},"featured_media":8529,"comment_status":"open","ping_status":"closed","template":"","meta":{"_acf_changed":false,"_joinchat":[]},"product_brand":[],"product_cat":[326],"product_tag":[348],"class_list":{"0":"post-5410","1":"product","2":"type-product","3":"status-publish","4":"has-post-thumbnail","6":"product_cat-accesorii-manometre-si-furtune","7":"product_tag-feed","9":"first","10":"instock","11":"shipping-taxable","12":"purchasable","13":"product-type-simple"},"acf":[],"jetpack_sharing_enabled":true,"_links":{"self":[{"href":"https:\/\/airomak.net\/en\/wp-json\/wp\/v2\/product\/5410","targetHints":{"allow":["GET"]}}],"collection":[{"href":"https:\/\/airomak.net\/en\/wp-json\/wp\/v2\/product"}],"about":[{"href":"https:\/\/airomak.net\/en\/wp-json\/wp\/v2\/types\/product"}],"replies":[{"embeddable":true,"href":"https:\/\/airomak.net\/en\/wp-json\/wp\/v2\/comments?post=5410"}],"wp:featuredmedia":[{"embeddable":true,"href":"https:\/\/airomak.net\/en\/wp-json\/wp\/v2\/media\/8529"}],"wp:attachment":[{"href":"https:\/\/airomak.net\/en\/wp-json\/wp\/v2\/media?parent=5410"}],"wp:term":[{"taxonomy":"product_brand","embeddable":true,"href":"https:\/\/airomak.net\/en\/wp-json\/wp\/v2\/product_brand?post=5410"},{"taxonomy":"product_cat","embeddable":true,"href":"https:\/\/airomak.net\/en\/wp-json\/wp\/v2\/product_cat?post=5410"},{"taxonomy":"product_tag","embeddable":true,"href":"https:\/\/airomak.net\/en\/wp-json\/wp\/v2\/product_tag?post=5410"}],"curies":[{"name":"wp","href":"https:\/\/api.w.org\/{rel}","templated":true}]}}