{"id":5406,"date":"2025-10-04T21:17:57","date_gmt":"2025-10-04T21:17:57","guid":{"rendered":"https:\/\/airomak.net\/?post_type=product&#038;p=5406"},"modified":"2026-04-10T10:56:44","modified_gmt":"2026-04-10T10:56:44","slug":"pieptene-de-indreptat-tole","status":"publish","type":"product","link":"https:\/\/airomak.net\/en\/product\/pieptene-de-indreptat-tole\/","title":{"rendered":"Pieptene de \u00eendreptat tole CT 351"},"content":{"rendered":"<p>CT 351 &#8211; pieptene pentru indreptat tole<\/p>\n<p>Certificare:BEE 3 Star<br \/>\nMaterial:PVC<br \/>\nGreutate:100 g<br \/>\nDimensiuni:18 x 15 x 3 cm<br \/>\nTip produs:Dispozitiv pentru \u00eendreptarea lamelelor (Fin Straightener)<\/p>\n<p>Descriere:<br \/>\nCT-351 Refmart Fin Straightener este un instrument specializat pentru<br \/>\n\u00eendreptarea lamelelor condensatoarelor sau evaporatoarelor utilizate \u00een<br \/>\nsistemele de aer condi\u021bionat \u0219i refrigerare. Lamelele acestor sisteme<br \/>\nsunt componente delicate, iar atunci c\u00e2nd sunt \u00eendoite sau deteriorate,<br \/>\npot afecta fluxul de aer, reduc\u00e2nd eficien\u021ba \u0219i performan\u021ba aparatului.<\/p>\n<p>Cu ajutorul acestui dispozitiv, po\u021bi restaura rapid \u0219i u\u0219or forma lamelelor pentru a \u00eembun\u0103t\u0103\u021bi func\u021bionarea sistemului.<\/p>","protected":false},"excerpt":{"rendered":"<p>Pieptene indreptat tevi CT 351 pentru instalatii HVAC. Ideal pentru curatarea si alinierea conductelor.<\/p>","protected":false},"featured_media":8519,"comment_status":"open","ping_status":"closed","template":"","meta":{"_acf_changed":false,"_joinchat":[]},"product_brand":[],"product_cat":[331],"product_tag":[348],"class_list":{"0":"post-5406","1":"product","2":"type-product","3":"status-publish","4":"has-post-thumbnail","6":"product_cat-accesorii-frigotehnice","7":"product_tag-feed","9":"first","10":"instock","11":"shipping-taxable","12":"purchasable","13":"product-type-simple"},"acf":[],"jetpack_sharing_enabled":true,"_links":{"self":[{"href":"https:\/\/airomak.net\/en\/wp-json\/wp\/v2\/product\/5406","targetHints":{"allow":["GET"]}}],"collection":[{"href":"https:\/\/airomak.net\/en\/wp-json\/wp\/v2\/product"}],"about":[{"href":"https:\/\/airomak.net\/en\/wp-json\/wp\/v2\/types\/product"}],"replies":[{"embeddable":true,"href":"https:\/\/airomak.net\/en\/wp-json\/wp\/v2\/comments?post=5406"}],"wp:featuredmedia":[{"embeddable":true,"href":"https:\/\/airomak.net\/en\/wp-json\/wp\/v2\/media\/8519"}],"wp:attachment":[{"href":"https:\/\/airomak.net\/en\/wp-json\/wp\/v2\/media?parent=5406"}],"wp:term":[{"taxonomy":"product_brand","embeddable":true,"href":"https:\/\/airomak.net\/en\/wp-json\/wp\/v2\/product_brand?post=5406"},{"taxonomy":"product_cat","embeddable":true,"href":"https:\/\/airomak.net\/en\/wp-json\/wp\/v2\/product_cat?post=5406"},{"taxonomy":"product_tag","embeddable":true,"href":"https:\/\/airomak.net\/en\/wp-json\/wp\/v2\/product_tag?post=5406"}],"curies":[{"name":"wp","href":"https:\/\/api.w.org\/{rel}","templated":true}]}}