{"id":5402,"date":"2025-10-04T21:17:57","date_gmt":"2025-10-04T21:17:57","guid":{"rendered":"https:\/\/airomak.net\/?post_type=product&#038;p=5402"},"modified":"2026-04-23T08:16:20","modified_gmt":"2026-04-23T08:16:20","slug":"indoitor-de-tevi","status":"publish","type":"product","link":"https:\/\/airomak.net\/en\/product\/indoitor-de-tevi\/","title":{"rendered":"\u00cendoitor de \u021bevi CT 999F"},"content":{"rendered":"<p>nstrument profesional tip arbalet\u0103 pentru \u00eendoirea precis\u0103 a \u021bevilor din cupru, aluminiu sau alte materiale utilizate \u00een sistemele de climatizare, \u00eenc\u0103lzire sau refrigerare. Proiectat pentru a asigura rezultate uniforme \u0219i durabile, f\u0103r\u0103 a afecta pere\u021bii \u021bevii.<\/p>\n<p>Caracteristici principale:<br \/>\n&#8211; Mecanism: sistem cu p\u00e2rghie pentru o \u00eendoire u\u0219oar\u0103 \u0219i controlat\u0103;<br \/>\n&#8211; Dimensiuni \u021bevi compatibile:<br \/>\nInch: 1\/4&#8221;, 5\/16&#8221;, 3\/8&#8221;, 1\/2&#8221;, 5\/8&#8221;, 3\/4&#8221;, 7\/8.<br \/>\nMetric: 6, 8, 10, 12, 16, 19, 22mm<br \/>\nScule adaugatoare<br \/>\nWK 532<br \/>\nCT 207<br \/>\n&#8211; Unghi de \u00eendoire: maxim 90\u00b0;<br \/>\n&#8211; Accesorii incluse: rimer pentru \u00eendep\u0103rtarea bavurilor, pentru o finisare curat\u0103 a marginilor;<br \/>\n&#8211; Materiale compatibile: cupru, aluminiu \u0219i alte metale utilizate \u00een instala\u021biile de conducte;<br \/>\n&#8211; Design: robust \u0219i ergonomic, ideal pentru utilizarea frecvent\u0103.<\/p>\n<p>Aplica\u021bii:<br \/>\nAparatul CT 999F este esen\u021bial pentru crearea de curbe precise \u0219i uniforme, fiind utilizat pe scar\u0103 larg\u0103 \u00een:<br \/>\n&#8211; Montajul instala\u021biilor HVAC (\u00eenc\u0103lzire, ventila\u021bie, climatizare);<br \/>\n&#8211; Produc\u021bia de structuri metalice \u0219i tubulaturi;<br \/>\n&#8211; Repara\u021bii auto (sisteme de evacuare, conducte);<br \/>\n&#8211; Alte lucr\u0103ri care implic\u0103 \u00eendoirea \u021bevilor metalice.<\/p>\n<p>Avantaje:<br \/>\n&#8211; Construc\u021bie solid\u0103 pentru durabilitate;<br \/>\n&#8211; U\u0219or de utilizat, chiar \u0219i pentru lucr\u0103ri complexe;<br \/>\n&#8211; Compact, livrat \u00eentr-o valiz\u0103 pentru transport \u0219i depozitare u\u0219oar\u0103.<\/p>","protected":false},"excerpt":{"rendered":"<p>Indoitor tevi cupru manual CT 999F pentru instalatori si lucrari HVAC. Precizie ridicata si utilizare usoara.<\/p>","protected":false},"featured_media":8523,"comment_status":"open","ping_status":"closed","template":"","meta":{"_acf_changed":false,"_themeisle_gutenberg_block_has_review":false,"_joinchat":[]},"product_brand":[],"product_cat":[230],"product_tag":[348],"class_list":{"0":"post-5402","1":"product","2":"type-product","3":"status-publish","4":"has-post-thumbnail","6":"product_cat-indoitor-de-tevi","7":"product_tag-feed","9":"first","10":"instock","11":"shipping-taxable","12":"purchasable","13":"product-type-simple"},"acf":[],"jetpack_sharing_enabled":true,"_links":{"self":[{"href":"https:\/\/airomak.net\/en\/wp-json\/wp\/v2\/product\/5402","targetHints":{"allow":["GET"]}}],"collection":[{"href":"https:\/\/airomak.net\/en\/wp-json\/wp\/v2\/product"}],"about":[{"href":"https:\/\/airomak.net\/en\/wp-json\/wp\/v2\/types\/product"}],"replies":[{"embeddable":true,"href":"https:\/\/airomak.net\/en\/wp-json\/wp\/v2\/comments?post=5402"}],"wp:featuredmedia":[{"embeddable":true,"href":"https:\/\/airomak.net\/en\/wp-json\/wp\/v2\/media\/8523"}],"wp:attachment":[{"href":"https:\/\/airomak.net\/en\/wp-json\/wp\/v2\/media?parent=5402"}],"wp:term":[{"taxonomy":"product_brand","embeddable":true,"href":"https:\/\/airomak.net\/en\/wp-json\/wp\/v2\/product_brand?post=5402"},{"taxonomy":"product_cat","embeddable":true,"href":"https:\/\/airomak.net\/en\/wp-json\/wp\/v2\/product_cat?post=5402"},{"taxonomy":"product_tag","embeddable":true,"href":"https:\/\/airomak.net\/en\/wp-json\/wp\/v2\/product_tag?post=5402"}],"curies":[{"name":"wp","href":"https:\/\/api.w.org\/{rel}","templated":true}]}}