{"id":5401,"date":"2025-10-04T21:17:57","date_gmt":"2025-10-04T21:17:57","guid":{"rendered":"https:\/\/airomak.net\/?post_type=product&#038;p=5401"},"modified":"2026-04-23T08:23:28","modified_gmt":"2026-04-23T08:23:28","slug":"largitor-de-tevi","status":"publish","type":"product","link":"https:\/\/airomak.net\/en\/product\/largitor-de-tevi\/","title":{"rendered":"Largitor de \u021bevi hidraulic WK 400AM L"},"content":{"rendered":"<p>Modelul WK 400AM L este un expandor hidraulic profesional, proiectat pentru lucr\u0103ri de \u00eenalt\u0103 precizie pe \u021bevi din cupru, aluminiu \u0219i alte materiale sub\u021biri. Acest instrument robust \u0219i compact este ideal pentru proiecte de instala\u021bii de ap\u0103 \u0219i HVAC.<\/p>\n<p>Caracteristici tehnice:<br \/>\n\u2022 Dimensiuni de expandare: 3\/16 &#8211; 1\/4 (6 \u043c\u043c), 5\/16-3\/8 (10 \u043c\u043c),1\/2 (12 \u043c\u043c), 5\/8 &#8211; 3\/4 \u0456 7\/8 (22 \u043c\u043c)<br \/>\n\u2022 Material: O\u021bel aliat, durabil \u0219i rezistent<br \/>\n\u2022 Compatibilitate: Cupru, aluminiu \u0219i alte \u021bevi sub\u021biri<\/p>\n<p>Accesorii incluse:<br \/>\n\u2022 WK 532 &#8211; T\u0103ietor de \u021bevi<br \/>\n\u2022 CT 207 &#8211; Debavurator \u021beav\u0103<br \/>\nAvantaje:<br \/>\n\u2022 Mecanism hidraulic care economise\u0219te efort, potrivit pentru utiliz\u0103ri profesionale \u0219i intense.<br \/>\n\u2022 Design compact, u\u0219or de transportat.<br \/>\n\u2022 Cutie robust\u0103 pentru depozitare \u0219i transport \u00een siguran\u021b\u0103.<br \/>\n\u2022 Expansiune rapid\u0103 \u0219i precis\u0103 a \u021bevilor, f\u0103r\u0103 necesitatea altor accesorii suplimentare.<\/p>\n<p>Largitorul tevi hidraulic cupru ofera eficienta ridicata si rezultate precise in utilizare zilnica<\/p>","protected":false},"excerpt":{"rendered":"<p>Largitor tevi hidraulic cupru ST 300AL pentru instalatori si lucrari HVAC. Performanta ridicata si utilizare usoara.<\/p>","protected":false},"featured_media":8528,"comment_status":"open","ping_status":"closed","template":"","meta":{"_acf_changed":false,"_joinchat":[]},"product_brand":[],"product_cat":[229],"product_tag":[348],"class_list":{"0":"post-5401","1":"product","2":"type-product","3":"status-publish","4":"has-post-thumbnail","6":"product_cat-largitor-de-tevi","7":"product_tag-feed","9":"first","10":"instock","11":"shipping-taxable","12":"purchasable","13":"product-type-simple"},"acf":[],"jetpack_sharing_enabled":true,"_links":{"self":[{"href":"https:\/\/airomak.net\/en\/wp-json\/wp\/v2\/product\/5401","targetHints":{"allow":["GET"]}}],"collection":[{"href":"https:\/\/airomak.net\/en\/wp-json\/wp\/v2\/product"}],"about":[{"href":"https:\/\/airomak.net\/en\/wp-json\/wp\/v2\/types\/product"}],"replies":[{"embeddable":true,"href":"https:\/\/airomak.net\/en\/wp-json\/wp\/v2\/comments?post=5401"}],"wp:featuredmedia":[{"embeddable":true,"href":"https:\/\/airomak.net\/en\/wp-json\/wp\/v2\/media\/8528"}],"wp:attachment":[{"href":"https:\/\/airomak.net\/en\/wp-json\/wp\/v2\/media?parent=5401"}],"wp:term":[{"taxonomy":"product_brand","embeddable":true,"href":"https:\/\/airomak.net\/en\/wp-json\/wp\/v2\/product_brand?post=5401"},{"taxonomy":"product_cat","embeddable":true,"href":"https:\/\/airomak.net\/en\/wp-json\/wp\/v2\/product_cat?post=5401"},{"taxonomy":"product_tag","embeddable":true,"href":"https:\/\/airomak.net\/en\/wp-json\/wp\/v2\/product_tag?post=5401"}],"curies":[{"name":"wp","href":"https:\/\/api.w.org\/{rel}","templated":true}]}}