{"id":5396,"date":"2025-10-04T21:17:56","date_gmt":"2025-10-04T21:17:56","guid":{"rendered":"https:\/\/airomak.net\/?post_type=product&#038;p=5396"},"modified":"2026-04-08T12:23:10","modified_gmt":"2026-04-08T12:23:10","slug":"trusa-de-bercuit-st-r806a","status":"publish","type":"product","link":"https:\/\/airomak.net\/en\/product\/trusa-de-bercuit-st-r806a\/","title":{"rendered":"Trus\u0103 de bercuit ST R806A"},"content":{"rendered":"<p>ST-R806A, pentru \u021bevi de cupru \u0219i aluminiu (1\/4\u201d-3\/4\u201d) un instrument profesional pentru deformarea precis\u0103 a \u021beviilor de cupru \u0219i aluminiu cu diametre \u00eentre 1\/4\u201d \u0219i 3\/4\u201d. Acest model cu func\u021bie de revers \u0219i limitator de alimentare a \u021bevei.<\/p>\n<p>Caracteristici principale:<br \/>\nCompatibilitate: Potrivit\u0103 pentru \u021bevi de cupru \u0219i aluminiu cu diametre de 1\/4\u201d, 5\/16\u201d, 3\/8\u201d, 1\/2\u201d, 5\/8\u201d, 3\/4\u201d.<br \/>\nDesign u\u0219or: Realizat\u0103 din aluminiu de \u00eenalt\u0103 calitate, este un instrument u\u0219or, dar durabil, ce asigur\u0103 o durat\u0103 lung\u0103 de via\u021b\u0103.<br \/>\nFunc\u021bionalitate \u00eembun\u0103t\u0103\u021bit\u0103: Dotat\u0103 cu excentric \u0219i tr\u0103gaci cu clichet, care permite realizarea unei vopsiri precise \u0219i eficiente.<br \/>\nVersatilitate: Datorit\u0103 m\u00e2nerului deta\u0219abil, poate fi utilizat\u0103 cu un \u0219urubelni\u021b\u0103 electric\u0103 sau burghiu, f\u0103c\u00e2ndu-l un instrument convenabil \u0219i eficient.<\/p>","protected":false},"excerpt":{"rendered":"<p>Trus\u0103 profesional\u0103 de bercuit ST R806A pentru \u021bevi de cupru \u0219i aluminiu (1\/4&#8243;\u20133\/4&#8243;). Ideal\u0103 pentru instala\u021bii HVAC, durabil\u0103 \u0219i u\u0219or de utilizat.<\/p>","protected":false},"featured_media":8281,"comment_status":"open","ping_status":"closed","template":"","meta":{"_acf_changed":false,"_joinchat":[]},"product_brand":[],"product_cat":[226],"product_tag":[],"class_list":{"0":"post-5396","1":"product","2":"type-product","3":"status-publish","4":"has-post-thumbnail","6":"product_cat-trusa-de-bercuit","8":"first","9":"instock","10":"sale","11":"shipping-taxable","12":"purchasable","13":"product-type-simple"},"acf":[],"jetpack_sharing_enabled":true,"_links":{"self":[{"href":"https:\/\/airomak.net\/en\/wp-json\/wp\/v2\/product\/5396","targetHints":{"allow":["GET"]}}],"collection":[{"href":"https:\/\/airomak.net\/en\/wp-json\/wp\/v2\/product"}],"about":[{"href":"https:\/\/airomak.net\/en\/wp-json\/wp\/v2\/types\/product"}],"replies":[{"embeddable":true,"href":"https:\/\/airomak.net\/en\/wp-json\/wp\/v2\/comments?post=5396"}],"wp:featuredmedia":[{"embeddable":true,"href":"https:\/\/airomak.net\/en\/wp-json\/wp\/v2\/media\/8281"}],"wp:attachment":[{"href":"https:\/\/airomak.net\/en\/wp-json\/wp\/v2\/media?parent=5396"}],"wp:term":[{"taxonomy":"product_brand","embeddable":true,"href":"https:\/\/airomak.net\/en\/wp-json\/wp\/v2\/product_brand?post=5396"},{"taxonomy":"product_cat","embeddable":true,"href":"https:\/\/airomak.net\/en\/wp-json\/wp\/v2\/product_cat?post=5396"},{"taxonomy":"product_tag","embeddable":true,"href":"https:\/\/airomak.net\/en\/wp-json\/wp\/v2\/product_tag?post=5396"}],"curies":[{"name":"wp","href":"https:\/\/api.w.org\/{rel}","templated":true}]}}