{"id":8837,"date":"2026-04-30T15:33:02","date_gmt":"2026-04-30T15:33:02","guid":{"rendered":"https:\/\/airomak.net\/?page_id=8837"},"modified":"2026-04-30T15:40:52","modified_gmt":"2026-04-30T15:40:52","slug":"contact","status":"publish","type":"page","link":"https:\/\/airomak.net\/en\/contact\/","title":{"rendered":"Contact"},"content":{"rendered":"<div data-elementor-type=\"wp-page\" data-elementor-id=\"8837\" class=\"elementor elementor-8837\">\n\t\t\t\t<div class=\"elementor-element elementor-element-24905fb e-con-full e-flex e-con e-parent\" data-id=\"24905fb\" data-element_type=\"container\">\n\t\t\t\t<div class=\"elementor-element elementor-element-bea6150 elementor-widget elementor-widget-html\" data-id=\"bea6150\" data-element_type=\"widget\" data-widget_type=\"html.default\">\n\t\t\t\t\t<div class=\"airomak-contact-page\">\n  <style>\n    .airomak-contact-page {\n      --am-green: #36b82a;\n      --am-black: #111111;\n      --am-text: #2a2a2a;\n      --am-muted: #666666;\n      --am-light: #f6fff5;\n      --am-border: rgba(54, 184, 42, 0.18);\n      --am-shadow: 0 22px 60px rgba(17, 17, 17, 0.10);\n      font-family: inherit;\n      background: #ffffff;\n      color: var(--am-black);\n      overflow-x: hidden;\n    }\n\n    .airomak-contact-page * {\n      box-sizing: border-box;\n    }\n\n    .airomak-contact-page a {\n      text-decoration: none;\n      color: inherit;\n    }\n\n    .am-container {\n      width: min(1300px, calc(100% - 40px));\n      margin: 0 auto;\n    }\n\n    .am-section {\n      padding: 90px 0;\n      position: relative;\n    }\n\n    .am-hero {\n      min-height: 78vh;\n      display: flex;\n      align-items: center;\n      background:\n        radial-gradient(circle at 85% 20%, rgba(54, 184, 42, 0.16), transparent 32%),\n        radial-gradient(circle at 10% 85%, rgba(54, 184, 42, 0.10), transparent 34%),\n        #ffffff;\n      overflow: hidden;\n    }\n\n    .am-hero::before {\n      content: \"\";\n      position: absolute;\n      width: 520px;\n      height: 520px;\n      border-radius: 50%;\n      right: -180px;\n      top: -180px;\n      background: rgba(54, 184, 42, 0.09);\n      animation: amFloat 7s ease-in-out infinite;\n    }\n\n    .am-hero::after {\n      content: \"\";\n      position: absolute;\n      width: 320px;\n      height: 320px;\n      border-radius: 50%;\n      left: -120px;\n      bottom: -120px;\n      background: rgba(54, 184, 42, 0.08);\n      animation: amFloat 8s ease-in-out infinite reverse;\n    }\n\n    @keyframes amFloat {\n      0%, 100% {\n        transform: translateY(0) scale(1);\n      }\n      50% {\n        transform: translateY(-18px) scale(1.04);\n      }\n    }\n\n    .am-hero-grid {\n      position: relative;\n      z-index: 2;\n      display: grid;\n      grid-template-columns: 1.05fr 0.95fr;\n      gap: 54px;\n      align-items: center;\n    }\n\n    .am-kicker {\n      display: inline-flex;\n      align-items: center;\n      gap: 9px;\n      padding: 9px 15px;\n      border-radius: 999px;\n      background: rgba(54, 184, 42, 0.10);\n      color: var(--am-green);\n      font-size: 13px;\n      font-weight: 800;\n      text-transform: uppercase;\n      letter-spacing: 0.04em;\n      margin-bottom: 20px;\n    }\n\n    .am-kicker::before {\n      content: \"\";\n      width: 9px;\n      height: 9px;\n      border-radius: 50%;\n      background: var(--am-green);\n      box-shadow: 0 0 0 7px rgba(54, 184, 42, 0.12);\n    }\n\n    .am-title {\n      margin: 0 0 22px;\n      color: var(--am-black);\n      font-size: clamp(42px, 7vw, 64px);\n      line-height: 0.96;\n      font-weight: 800;\n      letter-spacing: -0.04em;\n    }\n\n    .am-title span {\n      color: var(--am-green)\n      font-size: 25px;\n    }\n\n    .am-subtitle {\n      margin: 0 0 32px;\n      color: var(--am-text);\n      font-size: clamp(16px, 2vw, 22px);\n      line-height: 1.65;\n      max-width: 640px;\n    }\n\n    .am-actions {\n      display: flex;\n      flex-wrap: wrap;\n      gap: 14px;\n      align-items: center;\n    }\n\n    .am-btn {\n      display: inline-flex;\n      align-items: center;\n      justify-content: center;\n      gap: 10px;\n      min-height: 54px;\n      padding: 15px 26px;\n      border-radius: 999px;\n      font-size: 15px;\n      font-weight: 900;\n      text-transform: uppercase;\n      transition: 0.28s ease;\n      position: relative;\n      overflow: hidden;\n      border: 0;\n      cursor: pointer;\n    }\n\n    .am-btn::after {\n      content: \"\";\n      position: absolute;\n      inset: 0;\n      background: linear-gradient(120deg, transparent, rgba(255,255,255,0.34), transparent);\n      transform: translateX(-120%);\n      transition: 0.6s ease;\n    }\n\n    .am-btn:hover::after {\n      transform: translateX(120%);\n    }\n\n    .am-btn-primary {\n      background: var(--am-green);\n      color: #ffffff !important;\n      box-shadow: 0 18px 42px rgba(54, 184, 42, 0.28);\n    }\n\n    .am-btn-primary:hover {\n      transform: translateY(-3px);\n      box-shadow: 0 24px 54px rgba(54, 184, 42, 0.34);\n    }\n\n    .am-btn-outline {\n      background: #ffffff;\n      color: var(--am-black) !important;\n      border: 1px solid var(--am-border);\n      box-shadow: 0 14px 34px rgba(17,17,17,0.06);\n    }\n\n    .am-btn-outline:hover {\n      color: var(--am-green) !important;\n      transform: translateY(-3px);\n      border-color: rgba(54, 184, 42, 0.42);\n    }\n\n    .am-card-wrap {\n      perspective: 1100px;\n    }\n\n    .am-contact-card {\n      position: relative;\n      border-radius: 34px;\n      padding: 34px;\n      background: #ffffff;\n      border: 1px solid var(--am-border);\n      box-shadow: var(--am-shadow);\n      transform: rotateY(-8deg) rotateX(5deg);\n      animation: amCardFloat 6s ease-in-out infinite;\n      overflow: hidden;\n    }\n\n    @keyframes amCardFloat {\n      0%, 100% {\n        transform: rotateY(-8deg) rotateX(5deg) translateY(0);\n      }\n      50% {\n        transform: rotateY(-2deg) rotateX(2deg) translateY(-14px);\n      }\n    }\n\n    .am-contact-card::before {\n      content: \"\";\n      position: absolute;\n      inset: -2px;\n      background: linear-gradient(135deg, rgba(54,184,42,0.35), transparent 35%, rgba(54,184,42,0.18));\n      z-index: 0;\n    }\n\n    .am-contact-card-inner {\n      position: relative;\n      z-index: 1;\n      background: #ffffff;\n      border-radius: 26px;\n      padding: 34px;\n    }\n\n    .am-icon {\n      width: 72px;\n      height: 72px;\n      border-radius: 22px;\n      background: rgba(54, 184, 42, 0.12);\n      display: grid;\n      place-items: center;\n      color: var(--am-green);\n      margin-bottom: 26px;\n    }\n\n    .am-icon svg {\n      width: 34px;\n      height: 34px;\n    }\n\n    .am-card-label {\n      display: block;\n      color: var(--am-muted);\n      font-size: 14px;\n      font-weight: 800;\n      text-transform: uppercase;\n      letter-spacing: 0.05em;\n      margin-bottom: 8px;\n    }\n\n    .am-phone {\n      display: inline-block;\n      color: var(--am-black) !important;\n      font-size: clamp(28px, 4vw, 44px);\n      font-weight: 900;\n      line-height: 1.1;\n      margin-bottom: 24px;\n      transition: 0.25s ease;\n    }\n\n    .am-phone:hover {\n      color: var(--am-green) !important;\n    }\n\n    .am-small-text {\n      color: var(--am-muted);\n      font-size: 16px;\n      line-height: 1.6;\n      margin: 0 0 26px;\n    }\n\n    .am-info-grid {\n      display: grid;\n      grid-template-columns: repeat(3, 1fr);\n      gap: 18px;\n      margin-top: -30px;\n      position: relative;\n      z-index: 5;\n    }\n\n    .am-info-box {\n      background: #ffffff;\n      border: 1px solid var(--am-border);\n      border-radius: 26px;\n      padding: 26px;\n      box-shadow: 0 18px 45px rgba(17,17,17,0.07);\n      transition: 0.28s ease;\n    }\n\n    .am-info-box:hover {\n      transform: translateY(-7px);\n      box-shadow: 0 26px 60px rgba(17,17,17,0.10);\n      border-color: rgba(54, 184, 42, 0.38);\n    }\n\n    .am-info-icon {\n      width: 48px;\n      height: 48px;\n      border-radius: 16px;\n      background: var(--am-light);\n      color: var(--am-green);\n      display: grid;\n      place-items: center;\n      margin-bottom: 18px;\n      font-size: 22px;\n      font-weight: 900;\n    }\n\n    .am-info-box h3 {\n      margin: 0 0 8px;\n      color: var(--am-black);\n      font-size: 20px;\n      font-weight: 850;\n    }\n\n    .am-info-box p,\n    .am-info-box a {\n      margin: 0;\n      color: var(--am-muted);\n      font-size: 15.5px;\n      line-height: 1.55;\n    }\n\n    .am-info-box a:hover {\n      color: var(--am-green);\n    }\n\n    .am-contact-section {\n      background: #ffffff;\n    }\n\n    .am-contact-layout {\n      display: grid;\n      grid-template-columns: 0.85fr 1.15fr;\n      gap: 34px;\n      align-items: stretch;\n    }\n\n    .am-panel {\n      border-radius: 32px;\n      background: var(--am-light);\n      border: 1px solid var(--am-border);\n      padding: 34px;\n      position: relative;\n      overflow: hidden;\n    }\n\n    .am-panel::after {\n      content: \"\";\n      position: absolute;\n      width: 220px;\n      height: 220px;\n      border-radius: 50%;\n      right: -80px;\n      bottom: -80px;\n      background: rgba(54, 184, 42, 0.12);\n    }\n\n    .am-panel h2 {\n      position: relative;\n      z-index: 1;\n      color: var(--am-black);\n      font-size: clamp(30px, 4vw, 48px);\n      line-height: 1.05;\n      font-weight: 800;\n      letter-spacing: -0.03em;\n      margin: 0 0 18px;\n    }\n\n    .am-panel p {\n      position: relative;\n      z-index: 1;\n      color: var(--am-text);\n      font-size: 17px;\n      line-height: 1.65;\n      margin: 0 0 24px;\n    }\n\n    .am-list {\n      position: relative;\n      z-index: 1;\n      display: grid;\n      gap: 12px;\n    }\n\n    .am-list-item {\n      display: flex;\n      align-items: flex-start;\n      gap: 12px;\n      color: var(--am-text);\n      font-size: 16px;\n      line-height: 1.45;\n      font-weight: 650;\n    }\n\n    .am-check {\n      width: 24px;\n      height: 24px;\n      border-radius: 50%;\n      background: var(--am-green);\n      color: #ffffff;\n      display: grid;\n      place-items: center;\n      flex: 0 0 auto;\n      font-size: 14px;\n      font-weight: 900;\n      margin-top: 1px;\n    }\n\n    .am-form-card {\n      border-radius: 32px;\n      background: #ffffff;\n      border: 1px solid var(--am-border);\n      box-shadow: var(--am-shadow);\n      padding: 34px;\n    }\n\n    .am-form-card h2 {\n      color: var(--am-black);\n      margin: 0 0 10px;\n      font-size: clamp(28px, 4vw, 42px);\n      line-height: 1.08;\n      font-weight: 800;\n      letter-spacing: -0.03em;\n    }\n\n    .am-form-card p {\n      color: var(--am-muted);\n      margin: 0 0 24px;\n      line-height: 1.6;\n      font-size: 16px;\n    }\n\n    .am-form-placeholder {\n      min-height: 310px;\n      border-radius: 24px;\n      border: 2px dashed rgba(54, 184, 42, 0.28);\n      background:\n        linear-gradient(135deg, rgba(54,184,42,0.08), transparent),\n        #ffffff;\n      display: grid;\n      place-items: center;\n      padding: 30px;\n      text-align: center;\n    }\n\n    .am-form-placeholder strong {\n      display: block;\n      color: var(--am-black);\n      font-size: 22px;\n      margin-bottom: 8px;\n    }\n\n    .am-form-placeholder span {\n      color: var(--am-muted);\n      line-height: 1.55;\n      max-width: 520px;\n    }\n\n    .am-final-cta {\n      background:\n        radial-gradient(circle at 15% 20%, rgba(255,255,255,0.20), transparent 24%),\n        linear-gradient(135deg, #111111 0%, #163d14 48%, #36b82a 100%);\n      color: #ffffff;\n      border-radius: 36px;\n      padding: 54px;\n      text-align: center;\n      overflow: hidden;\n      position: relative;\n    }\n\n    .am-final-cta h2 {\n      color: #ffffff;\n      margin: 0 auto 16px;\n      max-width: 820px;\n      font-size: clamp(32px, 5vw, 58px);\n      line-height: 1;\n      font-weight: 800;\n      letter-spacing: -0.04em;\n    }\n\n    .am-final-cta p {\n      color: rgba(255,255,255,0.82);\n      margin: 0 auto 26px;\n      max-width: 680px;\n      line-height: 1.65;\n      font-size: 18px;\n    }\n\n    .am-reveal {\n      opacity: 0;\n      transform: translateY(28px);\n      transition: 0.75s ease;\n    }\n\n    .am-reveal.am-visible {\n      opacity: 1;\n      transform: translateY(0);\n    }\n\n    @media (max-width: 1024px) {\n      .am-section {\n        padding: 70px 0;\n      }\n\n      .am-hero-grid,\n      .am-contact-layout {\n        grid-template-columns: 1fr;\n      }\n\n      .am-info-grid {\n        grid-template-columns: 1fr;\n        margin-top: 0;\n      }\n\n      .am-contact-card {\n        transform: none;\n        animation: none;\n      }\n    }\n\n    @media (max-width: 767px) {\n      .am-container {\n        width: min(100% - 28px, 1160px);\n      }\n\n      .am-section {\n        padding: 46px 0;\n      }\n\n      .am-hero {\n        min-height: auto;\n      }\n\n      .am-hero-grid {\n        gap: 28px;\n        padding: 34px 0;\n      }\n\n      .am-title {\n        font-size: 26px;\n      }\n\n      .am-subtitle {\n        font-size: 16px;\n        margin-bottom: 22px;\n      }\n\n      .am-actions {\n        gap: 10px;\n      }\n\n      .am-btn {\n        width: 100%;\n        min-height: 50px;\n        font-size: 14px;\n        padding: 14px 18px;\n      }\n\n      .am-contact-card {\n        border-radius: 24px;\n        padding: 14px;\n      }\n\n      .am-contact-card-inner {\n        border-radius: 18px;\n        padding: 22px;\n      }\n\n      .am-icon {\n        width: 58px;\n        height: 58px;\n        border-radius: 18px;\n        margin-bottom: 20px;\n      }\n\n      .am-phone {\n        font-size: 25px;\n      }\n\n      .am-info-box,\n      .am-panel,\n      .am-form-card {\n        border-radius: 24px;\n        padding: 22px;\n      }\n\n      .am-final-cta {\n        border-radius: 26px;\n        padding: 34px 22px;\n      }\n    }\n  <\/style>\n\n  <section class=\"am-section am-hero\">\n    <div class=\"am-container\">\n      <div class=\"am-hero-grid\">\n        <div class=\"am-reveal\">\n          <div class=\"am-kicker\">Airomak<\/div>\n          <h2 class=\"am-title\">Contacteaz\u0103-ne <span>rapid<\/span><\/h2>\n          <p class=\"am-subtitle\">\n            Ai nevoie de informa\u021bii, ofert\u0103 sau consultan\u021b\u0103? Echipa Airomak \u00ee\u021bi r\u0103spunde rapid \u0219i te ajut\u0103 cu solu\u021bia potrivit\u0103.\n          <\/p>\n\n          \n        <\/div>\n\n        <div class=\"am-card-wrap am-reveal\">\n          <div class=\"am-contact-card\">\n            <div class=\"am-contact-card-inner\">\n              <div class=\"am-icon\">\n                <svg viewbox=\"0 0 24 24\" fill=\"none\">\n                  <path d=\"M22 16.92v3a2 2 0 0 1-2.18 2A19.8 19.8 0 0 1 11.19 19 19.5 19.5 0 0 1 5 12.81 19.8 19.8 0 0 1 2.08 4.18 2 2 0 0 1 4.06 2h3a2 2 0 0 1 2 1.72c.12.9.33 1.77.62 2.61a2 2 0 0 1-.45 2.11L8 9.67a16 16 0 0 0 6.33 6.33l1.23-1.23a2 2 0 0 1 2.11-.45c.84.29 1.71.5 2.61.62A2 2 0 0 1 22 16.92Z\" stroke=\"currentColor\" stroke-width=\"2\" stroke-linecap=\"round\" stroke-linejoin=\"round\"\/>\n                <\/svg>\n              <\/div>\n\n              <span class=\"am-card-label\">Telefon contact<\/span>\n              <a class=\"am-phone\" href=\"tel:+40770898777\">+40 (770) 898 777<\/a>\n\n              <p class=\"am-small-text\">\n                Apas\u0103 pe num\u0103r pentru apel direct de pe mobil sau folose\u0219te formularul de mai jos pentru o solicitare scris\u0103.\n              <\/p>\n\n              <a class=\"am-btn am-btn-primary\" href=\"tel:+40770898777\">Apeleaz\u0103 Airomak<\/a>\n            <\/div>\n          <\/div>\n        <\/div>\n      <\/div>\n    <\/div>\n  <\/section>\n\n  <div class=\"am-container\">\n    <div class=\"am-info-grid\">\n      <div class=\"am-info-box am-reveal\">\n        <div class=\"am-info-icon\">\u260e<\/div>\n        <h3>Telefon<\/h3>\n        <a href=\"tel:+40770898777\">+40 (770) 898 777<\/a>\n      <\/div>\n\n      <div class=\"am-info-box am-reveal\">\n        <div class=\"am-info-icon\">\u2713<\/div>\n        <h3>R\u0103spuns rapid<\/h3>\n        <p>Contacteaz\u0103-ne pentru informa\u021bii, ofertare sau detalii despre serviciile Airomak.<\/p>\n      <\/div>\n\n      <div class=\"am-info-box am-reveal\">\n        <div class=\"am-info-icon\">\u2192<\/div>\n        <h3>Consultan\u021b\u0103<\/h3>\n        <p>\u00ce\u021bi oferim \u00eendrumare clar\u0103 pentru alegerea solu\u021biei potrivite.<\/p>\n      <\/div>\n    <\/div>\n  <\/div>\n\n\n  <script>\n    (function () {\n      const root = document.querySelector('.airomak-contact-page');\n      if (!root) return;\n\n      const reveals = root.querySelectorAll('.am-reveal');\n\n      const observer = new IntersectionObserver(function (entries) {\n        entries.forEach(function (entry) {\n          if (entry.isIntersecting) {\n            entry.target.classList.add('am-visible');\n            observer.unobserve(entry.target);\n          }\n        });\n      }, { threshold: 0.12 });\n\n      reveals.forEach(function (el, index) {\n        el.style.transitionDelay = Math.min(index * 70, 350) + 'ms';\n        observer.observe(el);\n      });\n\n      root.querySelectorAll('a[href^=\"#\"]').forEach(function (anchor) {\n        anchor.addEventListener('click', function (e) {\n          const target = root.querySelector(this.getAttribute('href'));\n          if (target) {\n            e.preventDefault();\n            target.scrollIntoView({ behavior: 'smooth', block: 'start' });\n          }\n        });\n      });\n    })();\n  <\/script>\n<\/div>\t\t\t\t<\/div>\n\t\t\t\t<\/div>\n\t\t\t\t<\/div>","protected":false},"excerpt":{"rendered":"<p>Airomak Contacteaz\u0103-ne rapid Ai nevoie de informa\u021bii, ofert\u0103 sau consultan\u021b\u0103? Echipa Airomak \u00ee\u021bi r\u0103spunde rapid \u0219i te ajut\u0103 cu solu\u021bia potrivit\u0103. Telefon contact +40 (770) 898 777 Apas\u0103 pe num\u0103r<\/p>","protected":false},"author":2,"featured_media":0,"parent":0,"menu_order":0,"comment_status":"closed","ping_status":"closed","template":"elementor_header_footer","meta":{"_acf_changed":false,"_joinchat":[],"footnotes":""},"class_list":["post-8837","page","type-page","status-publish","hentry"],"acf":[],"jetpack_sharing_enabled":true,"_links":{"self":[{"href":"https:\/\/airomak.net\/en\/wp-json\/wp\/v2\/pages\/8837","targetHints":{"allow":["GET"]}}],"collection":[{"href":"https:\/\/airomak.net\/en\/wp-json\/wp\/v2\/pages"}],"about":[{"href":"https:\/\/airomak.net\/en\/wp-json\/wp\/v2\/types\/page"}],"author":[{"embeddable":true,"href":"https:\/\/airomak.net\/en\/wp-json\/wp\/v2\/users\/2"}],"replies":[{"embeddable":true,"href":"https:\/\/airomak.net\/en\/wp-json\/wp\/v2\/comments?post=8837"}],"version-history":[{"count":9,"href":"https:\/\/airomak.net\/en\/wp-json\/wp\/v2\/pages\/8837\/revisions"}],"predecessor-version":[{"id":8953,"href":"https:\/\/airomak.net\/en\/wp-json\/wp\/v2\/pages\/8837\/revisions\/8953"}],"wp:attachment":[{"href":"https:\/\/airomak.net\/en\/wp-json\/wp\/v2\/media?parent=8837"}],"curies":[{"name":"wp","href":"https:\/\/api.w.org\/{rel}","templated":true}]}}