{"id":8646,"date":"2025-11-03T19:33:13","date_gmt":"2025-11-03T19:33:13","guid":{"rendered":"https:\/\/airomak.net\/?page_id=8646"},"modified":"2025-11-03T19:57:36","modified_gmt":"2025-11-03T19:57:36","slug":"cookies-policy","status":"publish","type":"page","link":"https:\/\/airomak.net\/en\/cookies-policy\/","title":{"rendered":"Politic\u0103 Cookies"},"content":{"rendered":"<div class=\"wpb-content-wrapper\"><div class=\"vc_row wpb_row vc_row-fluid\"><div class=\"wpb_column vc_column_container vc_col-sm-12\"><div class=\"vc_column-inner\"><div class=\"wpb_wrapper\">\n\t<div class=\"wpb_text_column wpb_content_element\" >\n\t\t<div class=\"wpb_wrapper\">\n\t\t\t<h1 data-start=\"328\" data-end=\"387\"><strong data-start=\"330\" data-end=\"385\">Politica de utilizare a cookie-urilor \u2013 AiroMak.net<\/strong><\/h1>\n<p data-start=\"388\" data-end=\"431\"><strong data-start=\"388\" data-end=\"411\">Ultima actualizare:<\/strong> 20 octombrie 2025<\/p>\n<p data-start=\"433\" data-end=\"630\">Prezenta Politic\u0103 de utilizare a cookie-urilor explic\u0103 modul \u00een care <strong data-start=\"502\" data-end=\"532\">AIROMAK REFRIGERANT S.R.L.<\/strong> (\u201eAiroMak\u201d, \u201enoi\u201d) utilizeaz\u0103 cookie-uri \u0219i tehnologii similare pe site-ul <strong data-start=\"608\" data-end=\"627\"><a class=\"decorated-link\" href=\"http:\/\/www.airomak.net\/\" target=\"_new\" rel=\"noopener\" data-start=\"610\" data-end=\"625\">www.airomak.net<\/a><\/strong>.<\/p>\n<p data-start=\"632\" data-end=\"753\">Prin continuarea navig\u0103rii pe acest site, v\u0103 exprima\u021bi acordul privind folosirea cookie-urilor, conform acestei politici.<\/p>\n<hr data-start=\"755\" data-end=\"758\" \/>\n<h2 data-start=\"760\" data-end=\"786\">1. Ce sunt cookie-urile<\/h2>\n<p data-start=\"787\" data-end=\"1125\">Cookie-urile sunt fi\u0219iere mici de text salvate \u00een browserul dumneavoastr\u0103 atunci c\u00e2nd vizita\u021bi un site web.<br data-start=\"894\" data-end=\"897\" \/>Aceste fi\u0219iere ajut\u0103 site-ul s\u0103 re\u021bin\u0103 informa\u021bii despre vizita anterioar\u0103 (precum limba selectat\u0103, con\u021binutul co\u0219ului de cump\u0103r\u0103turi, preferin\u021bele de afi\u0219are etc.), pentru a v\u0103 oferi o experien\u021b\u0103 mai personalizat\u0103 \u0219i eficient\u0103.<\/p>\n<p data-start=\"1127\" data-end=\"1243\">Cookie-urile <strong data-start=\"1140\" data-end=\"1160\">nu con\u021bin viru\u0219i<\/strong>, <strong data-start=\"1162\" data-end=\"1203\">nu acceseaz\u0103 fi\u0219ierele din dispozitiv<\/strong> \u0219i <strong data-start=\"1207\" data-end=\"1242\">nu identific\u0103 direct o persoan\u0103<\/strong>.<\/p>\n<hr data-start=\"1245\" data-end=\"1248\" \/>\n<h2 data-start=\"1250\" data-end=\"1288\">2. Tipurile de cookie-uri utilizate<\/h2>\n<p data-start=\"1289\" data-end=\"1366\">Site-ul <strong data-start=\"1297\" data-end=\"1316\"><a class=\"decorated-link\" href=\"http:\/\/www.airomak.net\/\" target=\"_new\" rel=\"noopener\" data-start=\"1299\" data-end=\"1314\">www.airomak.net<\/a><\/strong> poate folosi urm\u0103toarele categorii de cookie-uri:<\/p>\n<h3 data-start=\"1368\" data-end=\"1403\">a) Cookie-uri strict necesare<\/h3>\n<p data-start=\"1404\" data-end=\"1642\">Acestea sunt esen\u021biale pentru func\u021bionarea corect\u0103 a site-ului.<br data-start=\"1467\" data-end=\"1470\" \/>Permit navigarea \u0219i utilizarea func\u021biilor de baz\u0103 (autentificare, ad\u0103ugare produse \u00een co\u0219, finalizare comand\u0103).<br data-start=\"1581\" data-end=\"1584\" \/>F\u0103r\u0103 aceste cookie-uri, site-ul nu poate func\u021biona corect.<\/p>\n<h3 data-start=\"1644\" data-end=\"1675\">b) Cookie-uri func\u021bionale<\/h3>\n<p data-start=\"1676\" data-end=\"1819\">Permit re\u021binerea preferin\u021belor utilizatorului (ex: limba, regiunea, datele de autentificare salvate) pentru a oferi o experien\u021b\u0103 personalizat\u0103.<\/p>\n<h3 data-start=\"1821\" data-end=\"1866\">c) Cookie-uri de analiz\u0103 \u0219i performan\u021b\u0103<\/h3>\n<p data-start=\"1867\" data-end=\"2163\">Aceste cookie-uri colecteaz\u0103 informa\u021bii anonime despre modul de utilizare a site-ului (ex: pagini vizitate, durata sesiunii).<br data-start=\"1992\" data-end=\"1995\" \/>Scopul lor este de a ne ajuta s\u0103 \u00eembun\u0103t\u0103\u021bim structura \u0219i con\u021binutul site-ului.<br data-start=\"2074\" data-end=\"2077\" \/>Exemplu: <strong data-start=\"2086\" data-end=\"2106\">Google Analytics<\/strong>, <strong data-start=\"2108\" data-end=\"2122\">Meta Pixel<\/strong> sau instrumente similare de analiz\u0103 web.<\/p>\n<h3 data-start=\"2165\" data-end=\"2212\">d) Cookie-uri de marketing \u0219i publicitate<\/h3>\n<p data-start=\"2213\" data-end=\"2431\">Acestea sunt utilizate pentru a oferi reclame relevante, adaptate intereselor utilizatorului, \u0219i pentru a m\u0103sura eficien\u021ba campaniilor publicitare.<br data-start=\"2360\" data-end=\"2363\" \/>Pot proveni de la parteneri ter\u021bi (de ex. Google Ads, Facebook Ads).<\/p>\n<hr data-start=\"2433\" data-end=\"2436\" \/>\n<h2 data-start=\"2438\" data-end=\"2466\">3. Cookie-uri de la ter\u021bi<\/h2>\n<p data-start=\"2467\" data-end=\"2554\">\u00cen unele cazuri, site-ul poate utiliza cookie-uri plasate de servicii ter\u021be, cum ar fi:<\/p>\n<ul data-start=\"2555\" data-end=\"2753\">\n<li data-start=\"2555\" data-end=\"2599\">\n<p data-start=\"2557\" data-end=\"2599\">Google Analytics (analiza traficului web);<\/p>\n<\/li>\n<li data-start=\"2600\" data-end=\"2642\">\n<p data-start=\"2602\" data-end=\"2642\">Facebook Pixel (analiza \u0219i publicitate);<\/p>\n<\/li>\n<li data-start=\"2643\" data-end=\"2692\">\n<p data-start=\"2645\" data-end=\"2692\">YouTube (afi\u0219area con\u021binutului video integrat);<\/p>\n<\/li>\n<li data-start=\"2693\" data-end=\"2753\">\n<p data-start=\"2695\" data-end=\"2753\">Alte platforme de social media sau instrumente de analiz\u0103.<\/p>\n<\/li>\n<\/ul>\n<p data-start=\"2755\" data-end=\"2946\">AiroMak nu controleaz\u0103 cookie-urile plasate de aceste servicii externe.<br data-start=\"2826\" data-end=\"2829\" \/>Pentru detalii suplimentare, v\u0103 recomand\u0103m s\u0103 consulta\u021bi politicile de confiden\u021bialitate ale furnizorilor respectivi.<\/p>\n<hr data-start=\"2948\" data-end=\"2951\" \/>\n<h2 data-start=\"2953\" data-end=\"2992\">4. Durata de stocare a cookie-urilor<\/h2>\n<p data-start=\"2993\" data-end=\"3033\">Durata de via\u021b\u0103 a cookie-urilor variaz\u0103:<\/p>\n<ul data-start=\"3034\" data-end=\"3228\">\n<li data-start=\"3034\" data-end=\"3112\">\n<p data-start=\"3036\" data-end=\"3112\"><strong data-start=\"3036\" data-end=\"3061\">Cookie-uri de sesiune<\/strong> \u2013 sunt \u0219terse automat la \u00eenchiderea browserului;<\/p>\n<\/li>\n<li data-start=\"3113\" data-end=\"3228\">\n<p data-start=\"3115\" data-end=\"3228\"><strong data-start=\"3115\" data-end=\"3141\">Cookie-uri persistente<\/strong> \u2013 r\u0103m\u00e2n stocate p\u00e2n\u0103 la data expir\u0103rii sau p\u00e2n\u0103 c\u00e2nd sunt \u0219terse manual de utilizator.<\/p>\n<\/li>\n<\/ul>\n<hr data-start=\"3230\" data-end=\"3233\" \/>\n<h2 data-start=\"3235\" data-end=\"3279\">5. Gestionarea \u0219i \u0219tergerea cookie-urilor<\/h2>\n<p data-start=\"3280\" data-end=\"3376\">Utilizatorii pot controla utilizarea cookie-urilor \u00een orice moment.<br data-start=\"3347\" data-end=\"3350\" \/>Ave\u021bi urm\u0103toarele op\u021biuni:<\/p>\n<ul data-start=\"3377\" data-end=\"3653\">\n<li data-start=\"3377\" data-end=\"3459\">\n<p data-start=\"3379\" data-end=\"3459\">Pute\u021bi modifica set\u0103rile browserului pentru a bloca sau a \u0219terge cookie-urile;<\/p>\n<\/li>\n<li data-start=\"3460\" data-end=\"3530\">\n<p data-start=\"3462\" data-end=\"3530\">Pute\u021bi alege s\u0103 fi\u021bi notificat \u00eenainte ca un cookie s\u0103 fie stocat;<\/p>\n<\/li>\n<li data-start=\"3531\" data-end=\"3653\">\n<p data-start=\"3533\" data-end=\"3653\">Pute\u021bi refuza complet utilizarea cookie-urilor, cu men\u021biunea c\u0103 unele func\u021bionalit\u0103\u021bi ale site-ului pot deveni limitate.<\/p>\n<\/li>\n<\/ul>\n<p data-start=\"3655\" data-end=\"3732\">Instruc\u021biuni utile pentru gestionarea cookie-urilor \u00een principalele browsere:<\/p>\n<ul data-start=\"3733\" data-end=\"4067\">\n<li data-start=\"3733\" data-end=\"3800\">\n<p data-start=\"3735\" data-end=\"3800\"><a class=\"decorated-link cursor-pointer\" target=\"_new\" rel=\"noopener\" data-start=\"3735\" data-end=\"3798\">Google Chrome<\/a><\/p>\n<\/li>\n<li data-start=\"3801\" data-end=\"3897\">\n<p data-start=\"3803\" data-end=\"3897\"><a class=\"decorated-link cursor-pointer\" target=\"_new\" rel=\"noopener\" data-start=\"3803\" data-end=\"3895\">Mozilla Firefox<\/a><\/p>\n<\/li>\n<li data-start=\"3898\" data-end=\"3970\">\n<p data-start=\"3900\" data-end=\"3970\"><a class=\"decorated-link\" href=\"https:\/\/support.microsoft.com\/ro-ro\/microsoft-edge\" target=\"_new\" rel=\"noopener\" data-start=\"3900\" data-end=\"3968\">Microsoft Edge<\/a><\/p>\n<\/li>\n<li data-start=\"3971\" data-end=\"4067\">\n<p data-start=\"3973\" data-end=\"4067\"><a class=\"decorated-link cursor-pointer\" target=\"_new\" rel=\"noopener\" data-start=\"3973\" data-end=\"4067\">Safari<\/a><\/p>\n<\/li>\n<\/ul>\n<hr data-start=\"4069\" data-end=\"4072\" \/>\n<h2 data-start=\"4074\" data-end=\"4109\">6. Consim\u021b\u0103m\u00e2ntul utilizatorului<\/h2>\n<p data-start=\"4110\" data-end=\"4426\">La prima vizit\u0103 pe site, utilizatorul este informat printr-un banner privind folosirea cookie-urilor \u0219i i se ofer\u0103 op\u021biunea de a-\u0219i exprima consim\u021b\u0103m\u00e2ntul.<br data-start=\"4265\" data-end=\"4268\" \/>Doar cookie-urile strict necesare sunt activate implicit.<br data-start=\"4325\" data-end=\"4328\" \/>Consim\u021b\u0103m\u00e2ntul pentru celelalte tipuri de cookie-uri (analiz\u0103, marketing) este solicitat explicit.<\/p>\n<hr data-start=\"4428\" data-end=\"4431\" \/>\n<h2 data-start=\"4433\" data-end=\"4477\">7. Modific\u0103ri ale politicii de cookie-uri<\/h2>\n<p data-start=\"4478\" data-end=\"4716\">AiroMak \u00ee\u0219i rezerv\u0103 dreptul de a actualiza periodic aceast\u0103 politic\u0103, pentru a reflecta eventuale schimb\u0103ri legislative sau tehnice.<br data-start=\"4610\" data-end=\"4613\" \/>Versiunea actualizat\u0103 va fi publicat\u0103 pe site, cu data ultimei modific\u0103ri afi\u0219at\u0103 la \u00eenceputul paginii.<\/p>\n<hr data-start=\"4718\" data-end=\"4721\" \/>\n<h2 data-start=\"4723\" data-end=\"4736\">8. Contact<\/h2>\n<p data-start=\"4737\" data-end=\"4849\">Pentru orice \u00eentreb\u0103ri privind aceast\u0103 politic\u0103 sau modul de utilizare a cookie-urilor, ne pute\u021bi contacta la:<\/p>\n<p data-start=\"4851\" data-end=\"5039\"><strong data-start=\"4851\" data-end=\"4881\">AIROMAK REFRIGERANT S.R.L.<\/strong><br data-start=\"4881\" data-end=\"4884\" \/>\ud83d\udccd Calea Unirii nr. 35, Suceava, Rom\u00e2nia<br data-start=\"4924\" data-end=\"4927\" \/>\ud83d\udcde Telefon: +40 (770) 898 777<br data-start=\"4956\" data-end=\"4959\" \/>\ud83d\udce7 E-mail: <a class=\"decorated-link cursor-pointer\" rel=\"noopener\" data-start=\"4970\" data-end=\"4989\">contact@airomak.net<\/a><br data-start=\"4989\" data-end=\"4992\" \/>\ud83c\udf10 Site: <a class=\"decorated-link\" href=\"https:\/\/airomak.net\/\" target=\"_new\" rel=\"noopener\" data-start=\"5001\" data-end=\"5039\">www.airomak.net<\/a><\/p>\n<hr data-start=\"5041\" data-end=\"5044\" \/>\n<p data-start=\"5046\" data-end=\"5308\">Pentru detalii suplimentare privind protec\u021bia datelor, consulta\u021bi \u0219i <strong data-start=\"5115\" data-end=\"5202\"><a class=\"decorated-link cursor-pointer\" target=\"_new\" rel=\"noopener\" data-start=\"5117\" data-end=\"5200\">Politica de Confiden\u021bialitate<\/a><\/strong> \u0219i <strong data-start=\"5206\" data-end=\"5287\"><a class=\"decorated-link\" href=\"https:\/\/airomak.net\/index.php\/terms-and-conditions\/\" target=\"_new\" rel=\"noopener\" data-start=\"5208\" data-end=\"5285\">Termenii \u0219i Condi\u021biile<\/a><\/strong> disponibile pe site.<\/p>\n\n\t\t<\/div>\n\t<\/div>\n<\/div><\/div><\/div><\/div>\n<\/div>","protected":false},"excerpt":{"rendered":"Politica de utilizare a cookie-urilor \u2013 AiroMak.net Ultima actualizare: 20 octombrie 2025 Prezenta Politic\u0103 de utilizare a cookie-urilor explic\u0103 modul \u00een care AIROMAK REFRIGERANT S.R.L. (\u201eAiroMak\u201d, \u201enoi\u201d) utilizeaz\u0103 cookie-uri \u0219i","protected":false},"author":2,"featured_media":0,"parent":0,"menu_order":0,"comment_status":"closed","ping_status":"closed","template":"","meta":{"_acf_changed":false,"_joinchat":[],"footnotes":""},"class_list":["post-8646","page","type-page","status-publish","hentry"],"acf":[],"jetpack_sharing_enabled":true,"_links":{"self":[{"href":"https:\/\/airomak.net\/en\/wp-json\/wp\/v2\/pages\/8646","targetHints":{"allow":["GET"]}}],"collection":[{"href":"https:\/\/airomak.net\/en\/wp-json\/wp\/v2\/pages"}],"about":[{"href":"https:\/\/airomak.net\/en\/wp-json\/wp\/v2\/types\/page"}],"author":[{"embeddable":true,"href":"https:\/\/airomak.net\/en\/wp-json\/wp\/v2\/users\/2"}],"replies":[{"embeddable":true,"href":"https:\/\/airomak.net\/en\/wp-json\/wp\/v2\/comments?post=8646"}],"version-history":[{"count":2,"href":"https:\/\/airomak.net\/en\/wp-json\/wp\/v2\/pages\/8646\/revisions"}],"predecessor-version":[{"id":8656,"href":"https:\/\/airomak.net\/en\/wp-json\/wp\/v2\/pages\/8646\/revisions\/8656"}],"wp:attachment":[{"href":"https:\/\/airomak.net\/en\/wp-json\/wp\/v2\/media?parent=8646"}],"curies":[{"name":"wp","href":"https:\/\/api.w.org\/{rel}","templated":true}]}}